{"id":6013,"date":"2026-02-25T14:54:12","date_gmt":"2026-02-25T14:54:12","guid":{"rendered":"https:\/\/freestylelab.be\/?page_id=6013"},"modified":"2026-02-25T21:04:03","modified_gmt":"2026-02-25T21:04:03","slug":"festival","status":"publish","type":"page","link":"https:\/\/freestylelab.be\/fr\/festival\/","title":{"rendered":"Festival"},"content":{"rendered":"<body>\t\t<div data-elementor-type=\"wp-page\" data-elementor-id=\"6013\" class=\"elementor elementor-6013\">\n\t\t\t\t\t\t<section class=\"elementor-section elementor-top-section elementor-element elementor-element-e9928da elementor-section-height-min-height elementor-section-boxed elementor-section-height-default elementor-section-items-middle\" data-id=\"e9928da\" data-element_type=\"section\" data-settings='{\"background_background\":\"classic\"}'>\n\t\t\t\t\t\t<div class=\"elementor-container elementor-column-gap-default\">\n\t\t\t\t\t<div class=\"aux-parallax-section elementor-column elementor-col-50 elementor-top-column elementor-element elementor-element-25c34e5\" data-id=\"25c34e5\" data-element_type=\"column\">\n\t\t\t<div class=\"elementor-widget-wrap elementor-element-populated\">\n\t\t\t\t\t\t<div class=\"elementor-element elementor-element-4dda2b0 elementor-widget elementor-widget-aux_modern_heading\" data-id=\"4dda2b0\" data-element_type=\"widget\" data-widget_type=\"aux_modern_heading.default\">\n\t\t\t\t<div class=\"elementor-widget-container\">\n\t\t\t\t\t<section class=\"aux-widget-modern-heading\">\n            <div class=\"aux-widget-inner\"><h2 class=\"aux-modern-heading-primary\">Festival Freestyle Lab<\/h2><div class=\"aux-modern-heading-description\"><p><span style=\"font-weight: 400\">Nous avons le plaisir de vous inviter \u00e0 notre Festival Freestyle Lab, qui se tiendra \u00e0 <\/span><b>Bruxelles<\/b><span style=\"font-weight: 400\">\u00a0du <\/span><b>22 au 28 juin 2026.<\/b><span style=\"font-weight: 400\">.\u00a0<\/span><\/p><p><span style=\"font-weight: 400\">Apr\u00e8s dix ans d'existence, nous avons souhait\u00e9 rassembler nos activit\u00e9s et notre public sous un m\u00eame toit, et c'est ainsi qu'est n\u00e9 le Festival Freestyle Lab. <\/span><\/p><\/div><\/div>\n        <\/section>\t\t\t\t<\/div>\n\t\t\t\t<\/div>\n\t\t\t\t\t<\/div>\n\t\t<\/div>\n\t\t\t\t<div class=\"aux-parallax-section elementor-column elementor-col-50 elementor-top-column elementor-element elementor-element-bffe772\" data-id=\"bffe772\" data-element_type=\"column\">\n\t\t\t<div class=\"elementor-widget-wrap elementor-element-populated\">\n\t\t\t\t\t\t<div class=\"elementor-element elementor-element-ee6b1dd elementor-widget elementor-widget-video\" data-id=\"ee6b1dd\" data-element_type=\"widget\" data-settings='{\"youtube_url\":\"https:\\\/\\\/www.youtube.com\\\/watch?v=O5PcDQ9kZkU&amp;t=155s\",\"autoplay\":\"yes\",\"video_type\":\"youtube\",\"controls\":\"yes\"}' data-widget_type=\"video.default\">\n\t\t\t\t<div class=\"elementor-widget-container\">\n\t\t\t\t\t\t\t<div class=\"elementor-wrapper elementor-open-inline\">\n\t\t\t<div class=\"elementor-video\"><\/div>\t\t<\/div>\n\t\t\t\t\t\t<\/div>\n\t\t\t\t<\/div>\n\t\t\t\t\t<\/div>\n\t\t<\/div>\n\t\t\t\t\t<\/div>\n\t\t<\/section>\n\t\t\t\t<section class=\"elementor-section elementor-top-section elementor-element elementor-element-ada1fc6 elementor-section-height-min-height elementor-section-content-middle elementor-section-boxed elementor-section-height-default elementor-section-items-middle\" data-id=\"ada1fc6\" data-element_type=\"section\" data-settings='{\"background_background\":\"classic\"}'>\n\t\t\t\t\t\t<div class=\"elementor-container elementor-column-gap-no\">\n\t\t\t\t\t<div class=\"aux-parallax-section elementor-column elementor-col-100 elementor-top-column elementor-element elementor-element-5aae972\" data-id=\"5aae972\" data-element_type=\"column\">\n\t\t\t<div class=\"elementor-widget-wrap elementor-element-populated\">\n\t\t\t\t\t\t\t<\/div>\n\t\t<\/div>\n\t\t\t\t\t<\/div>\n\t\t<\/section>\n\t\t\t\t<section class=\"elementor-section elementor-top-section elementor-element elementor-element-ff1ec1d elementor-section-height-min-height elementor-section-content-middle elementor-section-boxed elementor-section-height-default elementor-section-items-middle\" data-id=\"ff1ec1d\" data-element_type=\"section\" data-settings='{\"background_background\":\"classic\"}'>\n\t\t\t\t\t\t<div class=\"elementor-container elementor-column-gap-no\">\n\t\t\t\t\t<div class=\"aux-parallax-section elementor-column elementor-col-100 elementor-top-column elementor-element elementor-element-48f115d\" data-id=\"48f115d\" data-element_type=\"column\">\n\t\t\t<div class=\"elementor-widget-wrap elementor-element-populated\">\n\t\t\t\t\t\t<div class=\"elementor-element elementor-element-6ac547f elementor-widget elementor-widget-aux_modern_heading\" data-id=\"6ac547f\" data-element_type=\"widget\" data-widget_type=\"aux_modern_heading.default\">\n\t\t\t\t<div class=\"elementor-widget-container\">\n\t\t\t\t\t<section class=\"aux-widget-modern-heading\">\n            <div class=\"aux-widget-inner\"><h2 class=\"aux-modern-heading-primary\">Festival Freestyle Lab - Deuxi\u00e8me \u00e9dition<\/h2><h3 class=\"aux-modern-heading-secondary\"><span class=\"aux-head-before\">Du 22 au 28 juin 2026. <\/span><\/h3><div class=\"aux-modern-heading-description\"><div class=\"x11i5rnm xat24cr x1mh8g0r x1vvkbs xtlvy1s\"><p><span style=\"font-weight: 400\">Avec cette deuxi\u00e8me \u00e9dition, notre ambition reste inchang\u00e9e : promouvoir la communaut\u00e9 hip-hop belge, transmettre notre savoir, inspirer, c\u00e9l\u00e9brer et offrir aux artistes des opportunit\u00e9s de d\u00e9veloppement et de visibilit\u00e9 ; nous saisissons ainsi cette formidable occasion de faire d\u00e9couvrir notre culture, notre pratique et notre art au grand public.<\/span><\/p><p><span style=\"font-weight: 400\">Du lundi 22 juin au samedi 27 juin, le festival se d\u00e9roulera au Th\u00e9\u00e2tre de la Vie (Saint-Josse). Le dimanche 28 juin, nous cl\u00f4turerons la manifestation par une battle 3 contre 3 aux Halles de Schaerbeek. L'entr\u00e9e au festival est \u00e0 prix libre, c'est-\u00e0-dire pratiquement gratuite !<\/span><\/p><\/div><div>\u00a0<\/div><div class=\"x11i5rnm xat24cr x1mh8g0r x1vvkbs xtlvy1s\"><strong>INSCRIPTION<\/strong><\/div><div class=\"x11i5rnm xat24cr x1mh8g0r x1vvkbs xtlvy1s\">Plus d'information \u00e0 propos des inscriptions suivront bient\u00f4t.\u00a0<\/div><div>\u00a0<\/div><div>\u00a0<\/div><div class=\"x11i5rnm xat24cr x1mh8g0r x1vvkbs xtlvy1s\"><em>Une question ? Envoyez un mail \u00e0<\/em> <a href=\"mailto:events@freestylelab.be\">events@freestylelab.be<\/a><\/div><\/div><\/div>\n        <\/section>\t\t\t\t<\/div>\n\t\t\t\t<\/div>\n\t\t\t\t\t<\/div>\n\t\t<\/div>\n\t\t\t\t\t<\/div>\n\t\t<\/section>\n\t\t\t\t<section class=\"elementor-section elementor-top-section elementor-element elementor-element-5f702fb elementor-section-height-min-height elementor-section-content-middle elementor-section-boxed elementor-section-height-default elementor-section-items-middle\" data-id=\"5f702fb\" data-element_type=\"section\" data-settings='{\"background_background\":\"gradient\"}'>\n\t\t\t\t\t\t<div class=\"elementor-container elementor-column-gap-no\">\n\t\t\t\t\t<div class=\"aux-parallax-section elementor-column elementor-col-100 elementor-top-column elementor-element elementor-element-1983b44\" data-id=\"1983b44\" data-element_type=\"column\">\n\t\t\t<div class=\"elementor-widget-wrap elementor-element-populated\">\n\t\t\t\t\t\t<div class=\"elementor-element elementor-element-1aa6c6c elementor-widget elementor-widget-aux_modern_heading\" data-id=\"1aa6c6c\" data-element_type=\"widget\" data-widget_type=\"aux_modern_heading.default\">\n\t\t\t\t<div class=\"elementor-widget-container\">\n\t\t\t\t\t<section class=\"aux-widget-modern-heading\">\n            <div class=\"aux-widget-inner\"><h2 class=\"aux-modern-heading-primary\">\u00c9dition pr\u00e9c\u00e9dente<\/h2><h3 class=\"aux-modern-heading-secondary\"><span class=\"aux-head-before\">24 au 30 juin 2024<\/span><\/h3><div class=\"aux-modern-heading-description\"><p>En 2023, la nouvelle direction du Th\u00e9\u00e2tre de la Vie nous a donn\u00e9 carte blanche, et nous avons d\u00e9cid\u00e9 de monter ce projet ensemble : une semaine d\u2019\u00e9v\u00e9nements 100 % hip-hop consacr\u00e9s aux danses de rue, aux danses de club et aux danses sociales, qui s\u2019est d\u00e9roul\u00e9e durant la derni\u00e8re semaine de juin 2024. Les Halles de Schaerbeek et BAMP se sont \u00e9galement associ\u00e9s au projet et ont mis leurs locaux \u00e0 disposition pour certaines activit\u00e9s.<\/p><p>Cr\u00e9dits photo : @sebastien_photos<\/p><\/div><\/div>\n        <\/section>\t\t\t\t<\/div>\n\t\t\t\t<\/div>\n\t\t\t\t<div class=\"elementor-element elementor-element-dc30af4 elementor-widget elementor-widget-image-gallery\" data-id=\"dc30af4\" data-element_type=\"widget\" data-widget_type=\"image-gallery.default\">\n\t\t\t\t<div class=\"elementor-widget-container\">\n\t\t\t\t\t\t\t<div class=\"elementor-image-gallery\">\n\t\t\t<div id=\"gallery-1\" class=\"gallery galleryid-6013 gallery-columns-4 gallery-size-medium\"><figure class=\"gallery-item\">\n\t\t\t<div class=\"gallery-icon landscape\">\n\t\t\t\t<a data-elementor-open-lightbox=\"yes\" data-elementor-lightbox-slideshow=\"dc30af4\" data-elementor-lightbox-title=\"1\" data-e-action-hash=\"#elementor-action%3Aaction%3Dlightbox%26settings%3DeyJpZCI6NjAzMiwidXJsIjoiaHR0cHM6XC9cL2ZyZWVzdHlsZWxhYi5iZVwvd3AtY29udGVudFwvdXBsb2Fkc1wvMjAyNlwvMDJcLzEuanBnIiwic2xpZGVzaG93IjoiZGMzMGFmNCJ9\" href=\"https:\/\/i0.wp.com\/freestylelab.be\/wp-content\/uploads\/2026\/02\/1.jpg?ssl=1\"><img loading=\"lazy\" decoding=\"async\" width=\"300\" height=\"300\" src=\"https:\/\/i0.wp.com\/freestylelab.be\/wp-content\/uploads\/2026\/02\/1.jpg?fit=300%2C300&amp;ssl=1\" class=\"attachment-medium size-medium\" alt=\"\" srcset=\"https:\/\/i0.wp.com\/freestylelab.be\/wp-content\/uploads\/2026\/02\/1.jpg?resize=300%2C300&amp;ssl=1 300w, https:\/\/i0.wp.com\/freestylelab.be\/wp-content\/uploads\/2026\/02\/1.jpg?resize=1024%2C1024&amp;ssl=1 1024w, https:\/\/i0.wp.com\/freestylelab.be\/wp-content\/uploads\/2026\/02\/1.jpg?resize=150%2C150&amp;ssl=1 150w, https:\/\/i0.wp.com\/freestylelab.be\/wp-content\/uploads\/2026\/02\/1.jpg?resize=768%2C768&amp;ssl=1 768w, https:\/\/i0.wp.com\/freestylelab.be\/wp-content\/uploads\/2026\/02\/1.jpg?zoom=2&amp;resize=300%2C300&amp;ssl=1 600w, https:\/\/i0.wp.com\/freestylelab.be\/wp-content\/uploads\/2026\/02\/1.jpg?zoom=3&amp;resize=300%2C300&amp;ssl=1 900w\" sizes=\"auto, (max-width: 300px) 100vw, 300px\"><\/a>\n\t\t\t<\/div><\/figure><figure class=\"gallery-item\">\n\t\t\t<div class=\"gallery-icon landscape\">\n\t\t\t\t<a data-elementor-open-lightbox=\"yes\" data-elementor-lightbox-slideshow=\"dc30af4\" data-elementor-lightbox-title=\"2\" data-e-action-hash=\"#elementor-action%3Aaction%3Dlightbox%26settings%3DeyJpZCI6NjAzMCwidXJsIjoiaHR0cHM6XC9cL2ZyZWVzdHlsZWxhYi5iZVwvd3AtY29udGVudFwvdXBsb2Fkc1wvMjAyNlwvMDJcLzIuanBnIiwic2xpZGVzaG93IjoiZGMzMGFmNCJ9\" href=\"https:\/\/i0.wp.com\/freestylelab.be\/wp-content\/uploads\/2026\/02\/2.jpg?ssl=1\"><img loading=\"lazy\" decoding=\"async\" width=\"300\" height=\"300\" src=\"https:\/\/i0.wp.com\/freestylelab.be\/wp-content\/uploads\/2026\/02\/2.jpg?fit=300%2C300&amp;ssl=1\" class=\"attachment-medium size-medium\" alt=\"\" srcset=\"https:\/\/i0.wp.com\/freestylelab.be\/wp-content\/uploads\/2026\/02\/2.jpg?resize=300%2C300&amp;ssl=1 300w, https:\/\/i0.wp.com\/freestylelab.be\/wp-content\/uploads\/2026\/02\/2.jpg?resize=1024%2C1024&amp;ssl=1 1024w, https:\/\/i0.wp.com\/freestylelab.be\/wp-content\/uploads\/2026\/02\/2.jpg?resize=150%2C150&amp;ssl=1 150w, https:\/\/i0.wp.com\/freestylelab.be\/wp-content\/uploads\/2026\/02\/2.jpg?resize=768%2C768&amp;ssl=1 768w, https:\/\/i0.wp.com\/freestylelab.be\/wp-content\/uploads\/2026\/02\/2.jpg?zoom=2&amp;resize=300%2C300&amp;ssl=1 600w, https:\/\/i0.wp.com\/freestylelab.be\/wp-content\/uploads\/2026\/02\/2.jpg?zoom=3&amp;resize=300%2C300&amp;ssl=1 900w\" sizes=\"auto, (max-width: 300px) 100vw, 300px\"><\/a>\n\t\t\t<\/div><\/figure><figure class=\"gallery-item\">\n\t\t\t<div class=\"gallery-icon landscape\">\n\t\t\t\t<a data-elementor-open-lightbox=\"yes\" data-elementor-lightbox-slideshow=\"dc30af4\" data-elementor-lightbox-title=\"3\" data-e-action-hash=\"#elementor-action%3Aaction%3Dlightbox%26settings%3DeyJpZCI6NjAyOCwidXJsIjoiaHR0cHM6XC9cL2ZyZWVzdHlsZWxhYi5iZVwvd3AtY29udGVudFwvdXBsb2Fkc1wvMjAyNlwvMDJcLzMuanBnIiwic2xpZGVzaG93IjoiZGMzMGFmNCJ9\" href=\"https:\/\/i0.wp.com\/freestylelab.be\/wp-content\/uploads\/2026\/02\/3.jpg?ssl=1\"><img loading=\"lazy\" decoding=\"async\" width=\"300\" height=\"300\" src=\"https:\/\/i0.wp.com\/freestylelab.be\/wp-content\/uploads\/2026\/02\/3.jpg?fit=300%2C300&amp;ssl=1\" class=\"attachment-medium size-medium\" alt=\"\" srcset=\"https:\/\/i0.wp.com\/freestylelab.be\/wp-content\/uploads\/2026\/02\/3.jpg?resize=300%2C300&amp;ssl=1 300w, https:\/\/i0.wp.com\/freestylelab.be\/wp-content\/uploads\/2026\/02\/3.jpg?resize=1024%2C1024&amp;ssl=1 1024w, https:\/\/i0.wp.com\/freestylelab.be\/wp-content\/uploads\/2026\/02\/3.jpg?resize=150%2C150&amp;ssl=1 150w, https:\/\/i0.wp.com\/freestylelab.be\/wp-content\/uploads\/2026\/02\/3.jpg?resize=768%2C768&amp;ssl=1 768w, https:\/\/i0.wp.com\/freestylelab.be\/wp-content\/uploads\/2026\/02\/3.jpg?zoom=2&amp;resize=300%2C300&amp;ssl=1 600w, https:\/\/i0.wp.com\/freestylelab.be\/wp-content\/uploads\/2026\/02\/3.jpg?zoom=3&amp;resize=300%2C300&amp;ssl=1 900w\" sizes=\"auto, (max-width: 300px) 100vw, 300px\"><\/a>\n\t\t\t<\/div><\/figure><figure class=\"gallery-item\">\n\t\t\t<div class=\"gallery-icon landscape\">\n\t\t\t\t<a data-elementor-open-lightbox=\"yes\" data-elementor-lightbox-slideshow=\"dc30af4\" data-elementor-lightbox-title=\"4\" data-e-action-hash=\"#elementor-action%3Aaction%3Dlightbox%26settings%3DeyJpZCI6NjAyNiwidXJsIjoiaHR0cHM6XC9cL2ZyZWVzdHlsZWxhYi5iZVwvd3AtY29udGVudFwvdXBsb2Fkc1wvMjAyNlwvMDJcLzQuanBnIiwic2xpZGVzaG93IjoiZGMzMGFmNCJ9\" href=\"https:\/\/i0.wp.com\/freestylelab.be\/wp-content\/uploads\/2026\/02\/4.jpg?ssl=1\"><img loading=\"lazy\" decoding=\"async\" width=\"300\" height=\"300\" src=\"https:\/\/i0.wp.com\/freestylelab.be\/wp-content\/uploads\/2026\/02\/4.jpg?fit=300%2C300&amp;ssl=1\" class=\"attachment-medium size-medium\" alt=\"\" srcset=\"https:\/\/i0.wp.com\/freestylelab.be\/wp-content\/uploads\/2026\/02\/4.jpg?resize=300%2C300&amp;ssl=1 300w, https:\/\/i0.wp.com\/freestylelab.be\/wp-content\/uploads\/2026\/02\/4.jpg?resize=1024%2C1024&amp;ssl=1 1024w, https:\/\/i0.wp.com\/freestylelab.be\/wp-content\/uploads\/2026\/02\/4.jpg?resize=150%2C150&amp;ssl=1 150w, https:\/\/i0.wp.com\/freestylelab.be\/wp-content\/uploads\/2026\/02\/4.jpg?resize=768%2C768&amp;ssl=1 768w, https:\/\/i0.wp.com\/freestylelab.be\/wp-content\/uploads\/2026\/02\/4.jpg?zoom=2&amp;resize=300%2C300&amp;ssl=1 600w, https:\/\/i0.wp.com\/freestylelab.be\/wp-content\/uploads\/2026\/02\/4.jpg?zoom=3&amp;resize=300%2C300&amp;ssl=1 900w\" sizes=\"auto, (max-width: 300px) 100vw, 300px\"><\/a>\n\t\t\t<\/div><\/figure><figure class=\"gallery-item\">\n\t\t\t<div class=\"gallery-icon landscape\">\n\t\t\t\t<a data-elementor-open-lightbox=\"yes\" data-elementor-lightbox-slideshow=\"dc30af4\" data-elementor-lightbox-title=\"5\" data-e-action-hash=\"#elementor-action%3Aaction%3Dlightbox%26settings%3DeyJpZCI6NjAyNCwidXJsIjoiaHR0cHM6XC9cL2ZyZWVzdHlsZWxhYi5iZVwvd3AtY29udGVudFwvdXBsb2Fkc1wvMjAyNlwvMDJcLzUuanBnIiwic2xpZGVzaG93IjoiZGMzMGFmNCJ9\" href=\"https:\/\/i0.wp.com\/freestylelab.be\/wp-content\/uploads\/2026\/02\/5.jpg?ssl=1\"><img loading=\"lazy\" decoding=\"async\" width=\"300\" height=\"300\" src=\"https:\/\/i0.wp.com\/freestylelab.be\/wp-content\/uploads\/2026\/02\/5.jpg?fit=300%2C300&amp;ssl=1\" class=\"attachment-medium size-medium\" alt=\"\" srcset=\"https:\/\/i0.wp.com\/freestylelab.be\/wp-content\/uploads\/2026\/02\/5.jpg?resize=300%2C300&amp;ssl=1 300w, https:\/\/i0.wp.com\/freestylelab.be\/wp-content\/uploads\/2026\/02\/5.jpg?resize=150%2C150&amp;ssl=1 150w, https:\/\/i0.wp.com\/freestylelab.be\/wp-content\/uploads\/2026\/02\/5.jpg?zoom=2&amp;resize=300%2C300&amp;ssl=1 600w\" sizes=\"auto, (max-width: 300px) 100vw, 300px\"><\/a>\n\t\t\t<\/div><\/figure><figure class=\"gallery-item\">\n\t\t\t<div class=\"gallery-icon landscape\">\n\t\t\t\t<a data-elementor-open-lightbox=\"yes\" data-elementor-lightbox-slideshow=\"dc30af4\" data-elementor-lightbox-title=\"6\" data-e-action-hash=\"#elementor-action%3Aaction%3Dlightbox%26settings%3DeyJpZCI6NjAyMiwidXJsIjoiaHR0cHM6XC9cL2ZyZWVzdHlsZWxhYi5iZVwvd3AtY29udGVudFwvdXBsb2Fkc1wvMjAyNlwvMDJcLzYuanBnIiwic2xpZGVzaG93IjoiZGMzMGFmNCJ9\" href=\"https:\/\/i0.wp.com\/freestylelab.be\/wp-content\/uploads\/2026\/02\/6.jpg?ssl=1\"><img loading=\"lazy\" decoding=\"async\" width=\"300\" height=\"300\" src=\"https:\/\/i0.wp.com\/freestylelab.be\/wp-content\/uploads\/2026\/02\/6.jpg?fit=300%2C300&amp;ssl=1\" class=\"attachment-medium size-medium\" alt=\"\" srcset=\"https:\/\/i0.wp.com\/freestylelab.be\/wp-content\/uploads\/2026\/02\/6.jpg?resize=300%2C300&amp;ssl=1 300w, https:\/\/i0.wp.com\/freestylelab.be\/wp-content\/uploads\/2026\/02\/6.jpg?resize=1024%2C1024&amp;ssl=1 1024w, https:\/\/i0.wp.com\/freestylelab.be\/wp-content\/uploads\/2026\/02\/6.jpg?resize=150%2C150&amp;ssl=1 150w, https:\/\/i0.wp.com\/freestylelab.be\/wp-content\/uploads\/2026\/02\/6.jpg?resize=768%2C768&amp;ssl=1 768w, https:\/\/i0.wp.com\/freestylelab.be\/wp-content\/uploads\/2026\/02\/6.jpg?zoom=2&amp;resize=300%2C300&amp;ssl=1 600w, https:\/\/i0.wp.com\/freestylelab.be\/wp-content\/uploads\/2026\/02\/6.jpg?zoom=3&amp;resize=300%2C300&amp;ssl=1 900w\" sizes=\"auto, (max-width: 300px) 100vw, 300px\"><\/a>\n\t\t\t<\/div><\/figure><figure class=\"gallery-item\">\n\t\t\t<div class=\"gallery-icon landscape\">\n\t\t\t\t<a data-elementor-open-lightbox=\"yes\" data-elementor-lightbox-slideshow=\"dc30af4\" data-elementor-lightbox-title=\"7\" data-e-action-hash=\"#elementor-action%3Aaction%3Dlightbox%26settings%3DeyJpZCI6NjAyMCwidXJsIjoiaHR0cHM6XC9cL2ZyZWVzdHlsZWxhYi5iZVwvd3AtY29udGVudFwvdXBsb2Fkc1wvMjAyNlwvMDJcLzcuanBnIiwic2xpZGVzaG93IjoiZGMzMGFmNCJ9\" href=\"https:\/\/i0.wp.com\/freestylelab.be\/wp-content\/uploads\/2026\/02\/7.jpg?ssl=1\"><img loading=\"lazy\" decoding=\"async\" width=\"300\" height=\"300\" src=\"https:\/\/i0.wp.com\/freestylelab.be\/wp-content\/uploads\/2026\/02\/7.jpg?fit=300%2C300&amp;ssl=1\" class=\"attachment-medium size-medium\" alt=\"\" srcset=\"https:\/\/i0.wp.com\/freestylelab.be\/wp-content\/uploads\/2026\/02\/7.jpg?resize=300%2C300&amp;ssl=1 300w, https:\/\/i0.wp.com\/freestylelab.be\/wp-content\/uploads\/2026\/02\/7.jpg?resize=1024%2C1024&amp;ssl=1 1024w, https:\/\/i0.wp.com\/freestylelab.be\/wp-content\/uploads\/2026\/02\/7.jpg?resize=150%2C150&amp;ssl=1 150w, https:\/\/i0.wp.com\/freestylelab.be\/wp-content\/uploads\/2026\/02\/7.jpg?resize=768%2C768&amp;ssl=1 768w, https:\/\/i0.wp.com\/freestylelab.be\/wp-content\/uploads\/2026\/02\/7.jpg?zoom=2&amp;resize=300%2C300&amp;ssl=1 600w, https:\/\/i0.wp.com\/freestylelab.be\/wp-content\/uploads\/2026\/02\/7.jpg?zoom=3&amp;resize=300%2C300&amp;ssl=1 900w\" sizes=\"auto, (max-width: 300px) 100vw, 300px\"><\/a>\n\t\t\t<\/div><\/figure><figure class=\"gallery-item\">\n\t\t\t<div class=\"gallery-icon landscape\">\n\t\t\t\t<a data-elementor-open-lightbox=\"yes\" data-elementor-lightbox-slideshow=\"dc30af4\" data-elementor-lightbox-title=\"8\" data-e-action-hash=\"#elementor-action%3Aaction%3Dlightbox%26settings%3DeyJpZCI6NjAxOCwidXJsIjoiaHR0cHM6XC9cL2ZyZWVzdHlsZWxhYi5iZVwvd3AtY29udGVudFwvdXBsb2Fkc1wvMjAyNlwvMDJcLzguanBnIiwic2xpZGVzaG93IjoiZGMzMGFmNCJ9\" href=\"https:\/\/i0.wp.com\/freestylelab.be\/wp-content\/uploads\/2026\/02\/8.jpg?ssl=1\"><img loading=\"lazy\" decoding=\"async\" width=\"300\" height=\"300\" src=\"https:\/\/i0.wp.com\/freestylelab.be\/wp-content\/uploads\/2026\/02\/8.jpg?fit=300%2C300&amp;ssl=1\" class=\"attachment-medium size-medium\" alt=\"\" srcset=\"https:\/\/i0.wp.com\/freestylelab.be\/wp-content\/uploads\/2026\/02\/8.jpg?resize=300%2C300&amp;ssl=1 300w, https:\/\/i0.wp.com\/freestylelab.be\/wp-content\/uploads\/2026\/02\/8.jpg?resize=1024%2C1024&amp;ssl=1 1024w, https:\/\/i0.wp.com\/freestylelab.be\/wp-content\/uploads\/2026\/02\/8.jpg?resize=150%2C150&amp;ssl=1 150w, https:\/\/i0.wp.com\/freestylelab.be\/wp-content\/uploads\/2026\/02\/8.jpg?resize=768%2C768&amp;ssl=1 768w, https:\/\/i0.wp.com\/freestylelab.be\/wp-content\/uploads\/2026\/02\/8.jpg?zoom=2&amp;resize=300%2C300&amp;ssl=1 600w, https:\/\/i0.wp.com\/freestylelab.be\/wp-content\/uploads\/2026\/02\/8.jpg?zoom=3&amp;resize=300%2C300&amp;ssl=1 900w\" sizes=\"auto, (max-width: 300px) 100vw, 300px\"><\/a>\n\t\t\t<\/div><\/figure>\n\t\t<\/div>\n\t\t<\/div>\n\t\t\t\t\t\t<\/div>\n\t\t\t\t<\/div>\n\t\t\t\t\t<\/div>\n\t\t<\/div>\n\t\t\t\t\t<\/div>\n\t\t<\/section>\n\t\t\t\t<\/div>\n\t\t<\/body>","protected":false},"excerpt":{"rendered":"<p>Festival Freestyle Lab We would like to invite you to our Festival Freestyle Lab which will take place in Brussels\u00a0from 22 to 28 June 2026.\u00a0 After 10 years of existence, we wanted to bring together our activities and our public under one roof and this is how the Festival Freestyle Lab was born. Festival Freestyle [&hellip;]<\/p>\n","protected":false},"author":1,"featured_media":0,"parent":0,"menu_order":0,"comment_status":"closed","ping_status":"closed","template":"elementor_header_footer","meta":{"nf_dc_page":"","_monsterinsights_skip_tracking":false,"_monsterinsights_sitenote_active":false,"_monsterinsights_sitenote_note":"","_monsterinsights_sitenote_category":0,"footnotes":""},"class_list":["post-6013","page","type-page","status-publish","hentry"],"jetpack_sharing_enabled":true,"_links":{"self":[{"href":"https:\/\/freestylelab.be\/fr\/wp-json\/wp\/v2\/pages\/6013","targetHints":{"allow":["GET"]}}],"collection":[{"href":"https:\/\/freestylelab.be\/fr\/wp-json\/wp\/v2\/pages"}],"about":[{"href":"https:\/\/freestylelab.be\/fr\/wp-json\/wp\/v2\/types\/page"}],"author":[{"embeddable":true,"href":"https:\/\/freestylelab.be\/fr\/wp-json\/wp\/v2\/users\/1"}],"replies":[{"embeddable":true,"href":"https:\/\/freestylelab.be\/fr\/wp-json\/wp\/v2\/comments?post=6013"}],"version-history":[{"count":11,"href":"https:\/\/freestylelab.be\/fr\/wp-json\/wp\/v2\/pages\/6013\/revisions"}],"predecessor-version":[{"id":6077,"href":"https:\/\/freestylelab.be\/fr\/wp-json\/wp\/v2\/pages\/6013\/revisions\/6077"}],"wp:attachment":[{"href":"https:\/\/freestylelab.be\/fr\/wp-json\/wp\/v2\/media?parent=6013"}],"curies":[{"name":"wp","href":"https:\/\/api.w.org\/{rel}","templated":true}]}}