{"id":3607,"date":"2023-07-19T11:00:09","date_gmt":"2023-07-19T11:00:09","guid":{"rendered":"https:\/\/freestylelab.be\/?page_id=3607"},"modified":"2026-03-07T22:17:07","modified_gmt":"2026-03-07T22:17:07","slug":"projects-copy","status":"publish","type":"page","link":"https:\/\/freestylelab.be\/fr\/projects-copy\/","title":{"rendered":"Projets"},"content":{"rendered":"<body>\t\t<div data-elementor-type=\"wp-page\" data-elementor-id=\"3607\" class=\"elementor elementor-3607\">\n\t\t\t\t\t\t<section class=\"elementor-section elementor-top-section elementor-element elementor-element-f93c140 elementor-section-height-min-height elementor-section-boxed elementor-section-height-default elementor-section-items-middle\" data-id=\"f93c140\" data-element_type=\"section\" data-settings='{\"background_background\":\"classic\"}'>\n\t\t\t\t\t\t<div class=\"elementor-container elementor-column-gap-default\">\n\t\t\t\t\t<div class=\"aux-parallax-section elementor-column elementor-col-100 elementor-top-column elementor-element elementor-element-3378603\" data-id=\"3378603\" data-element_type=\"column\">\n\t\t\t<div class=\"elementor-widget-wrap elementor-element-populated\">\n\t\t\t\t\t\t<div class=\"elementor-element elementor-element-6949134 elementor-widget elementor-widget-aux_modern_heading\" data-id=\"6949134\" data-element_type=\"widget\" data-widget_type=\"aux_modern_heading.default\">\n\t\t\t\t<div class=\"elementor-widget-container\">\n\t\t\t\t\t<section class=\"aux-widget-modern-heading\">\n            <div class=\"aux-widget-inner\"><h2 class=\"aux-modern-heading-primary\">Nos projets<\/h2><div class=\"aux-modern-heading-description\"><p>Nos projets comprennent divers concepts d'\u00e9v\u00e9nements, des spectacles, des repr\u00e9sentations et une bourse annuelle. Notre objectif principal est de rassembler la communaut\u00e9 de la danse de rue et de favoriser son d\u00e9veloppement et sa professionnalisation.<\/p><\/div><\/div>\n        <\/section>\t\t\t\t<\/div>\n\t\t\t\t<\/div>\n\t\t\t\t\t<\/div>\n\t\t<\/div>\n\t\t\t\t\t<\/div>\n\t\t<\/section>\n\t\t\t\t<section class=\"elementor-section elementor-top-section elementor-element elementor-element-02a4da0 elementor-section-height-min-height elementor-section-content-middle elementor-section-items-top elementor-section-boxed elementor-section-height-default\" data-id=\"02a4da0\" data-element_type=\"section\" data-settings='{\"background_background\":\"classic\"}'>\n\t\t\t\t\t\t<div class=\"elementor-container elementor-column-gap-no\">\n\t\t\t\t\t<div class=\"aux-parallax-section elementor-column elementor-col-100 elementor-top-column elementor-element elementor-element-fa4e19a\" data-id=\"fa4e19a\" data-element_type=\"column\">\n\t\t\t<div class=\"elementor-widget-wrap elementor-element-populated\">\n\t\t\t\t\t\t<section class=\"elementor-section elementor-inner-section elementor-element elementor-element-56c17fc elementor-section-boxed elementor-section-height-default elementor-section-height-default\" data-id=\"56c17fc\" data-element_type=\"section\">\n\t\t\t\t\t\t<div class=\"elementor-container elementor-column-gap-default\">\n\t\t\t\t\t<div class=\"aux-parallax-section elementor-column elementor-col-33 elementor-inner-column elementor-element elementor-element-3c389d6\" data-id=\"3c389d6\" data-element_type=\"column\" data-settings='{\"background_background\":\"slideshow\",\"background_slideshow_gallery\":[],\"background_slideshow_loop\":\"yes\",\"background_slideshow_slide_duration\":5000,\"background_slideshow_slide_transition\":\"fade\",\"background_slideshow_transition_duration\":500}'>\n\t\t\t<div class=\"elementor-widget-wrap elementor-element-populated\">\n\t\t\t\t\t\t<div class=\"elementor-element elementor-element-d983b29 elementor-widget elementor-widget-image\" data-id=\"d983b29\" data-element_type=\"widget\" data-widget_type=\"image.default\">\n\t\t\t\t<div class=\"elementor-widget-container\">\n\t\t\t\t\t\t\t\t\t\t\t\t\t\t\t<img loading=\"lazy\" decoding=\"async\" width=\"1619\" height=\"817\" src=\"https:\/\/i0.wp.com\/freestylelab.be\/wp-content\/uploads\/2022\/05\/PHOTO-08.jpg?fit=1619%2C817&amp;ssl=1\" class=\"attachment-full size-full wp-image-2464\" alt=\"\" srcset=\"https:\/\/i0.wp.com\/freestylelab.be\/wp-content\/uploads\/2022\/05\/PHOTO-08.jpg?w=1619&amp;ssl=1 1619w, https:\/\/i0.wp.com\/freestylelab.be\/wp-content\/uploads\/2022\/05\/PHOTO-08.jpg?resize=1536%2C775&amp;ssl=1 1536w\" sizes=\"auto, (max-width: 1000px) 100vw, 1000px\">\t\t\t\t\t\t\t\t\t\t\t\t\t\t\t<\/div>\n\t\t\t\t<\/div>\n\t\t\t\t<div class=\"elementor-element elementor-element-e5d9887 elementor-widget elementor-widget-aux_modern_heading\" data-id=\"e5d9887\" data-element_type=\"widget\" data-widget_type=\"aux_modern_heading.default\">\n\t\t\t\t<div class=\"elementor-widget-container\">\n\t\t\t\t\t<section class=\"aux-widget-modern-heading\">\n            <div class=\"aux-widget-inner\"><h2 class=\"aux-modern-heading-primary\"><\/h2><h3 class=\"aux-modern-heading-secondary\"><span class=\"aux-head-before\">\u00c9v\u00e9nements<\/span><\/h3><\/div>\n        <\/section>\t\t\t\t<\/div>\n\t\t\t\t<\/div>\n\t\t\t\t<div class=\"elementor-element elementor-element-3fd4261 elementor-align-left elementor-mobile-align-center elementor-widget__width-auto elementor-widget-mobile__width-inherit elementor-widget elementor-widget-button\" data-id=\"3fd4261\" data-element_type=\"widget\" data-widget_type=\"button.default\">\n\t\t\t\t<div class=\"elementor-widget-container\">\n\t\t\t\t\t\t\t\t\t<div class=\"elementor-button-wrapper\">\n\t\t\t\t\t<a class=\"elementor-button elementor-button-link elementor-size-sm\" href=\"https:\/\/freestylelab.be\/fr\/events-100\/\">\n\t\t\t\t\t\t<span class=\"elementor-button-content-wrapper\">\n\t\t\t\t\t\t\t\t\t<span class=\"elementor-button-text\">En savoir plus<\/span>\n\t\t\t\t\t<\/span>\n\t\t\t\t\t<\/a>\n\t\t\t\t<\/div>\n\t\t\t\t\t\t\t\t<\/div>\n\t\t\t\t<\/div>\n\t\t\t\t\t<\/div>\n\t\t<\/div>\n\t\t\t\t<div class=\"aux-parallax-section elementor-column elementor-col-33 elementor-inner-column elementor-element elementor-element-0a00c40\" data-id=\"0a00c40\" data-element_type=\"column\" data-settings='{\"background_background\":\"slideshow\",\"background_slideshow_gallery\":[],\"background_slideshow_loop\":\"yes\",\"background_slideshow_slide_duration\":5000,\"background_slideshow_slide_transition\":\"fade\",\"background_slideshow_transition_duration\":500}'>\n\t\t\t<div class=\"elementor-widget-wrap elementor-element-populated\">\n\t\t\t\t\t\t<div class=\"elementor-element elementor-element-d356345 elementor-widget elementor-widget-image\" data-id=\"d356345\" data-element_type=\"widget\" data-widget_type=\"image.default\">\n\t\t\t\t<div class=\"elementor-widget-container\">\n\t\t\t\t\t\t\t\t\t\t\t\t\t\t\t<img loading=\"lazy\" decoding=\"async\" width=\"2048\" height=\"1366\" src=\"https:\/\/i0.wp.com\/freestylelab.be\/wp-content\/uploads\/2026\/03\/bourse.jpg?fit=2048%2C1366&amp;ssl=1\" class=\"attachment-full size-full wp-image-6144\" alt=\"\" srcset=\"https:\/\/i0.wp.com\/freestylelab.be\/wp-content\/uploads\/2026\/03\/bourse.jpg?w=2048&amp;ssl=1 2048w, https:\/\/i0.wp.com\/freestylelab.be\/wp-content\/uploads\/2026\/03\/bourse.jpg?resize=1536%2C1025&amp;ssl=1 1536w, https:\/\/i0.wp.com\/freestylelab.be\/wp-content\/uploads\/2026\/03\/bourse.jpg?resize=18%2C12&amp;ssl=1 18w\" sizes=\"auto, (max-width: 1000px) 100vw, 1000px\">\t\t\t\t\t\t\t\t\t\t\t\t\t\t\t<\/div>\n\t\t\t\t<\/div>\n\t\t\t\t<div class=\"elementor-element elementor-element-346d056 elementor-widget elementor-widget-aux_modern_heading\" data-id=\"346d056\" data-element_type=\"widget\" data-widget_type=\"aux_modern_heading.default\">\n\t\t\t\t<div class=\"elementor-widget-container\">\n\t\t\t\t\t<section class=\"aux-widget-modern-heading\">\n            <div class=\"aux-widget-inner\"><h2 class=\"aux-modern-heading-primary\"><\/h2><h3 class=\"aux-modern-heading-secondary\"><span class=\"aux-head-before\">Bourse<\/span><\/h3><\/div>\n        <\/section>\t\t\t\t<\/div>\n\t\t\t\t<\/div>\n\t\t\t\t<div class=\"elementor-element elementor-element-1ba7baf elementor-align-left elementor-mobile-align-center elementor-widget__width-auto elementor-widget-mobile__width-inherit elementor-widget elementor-widget-button\" data-id=\"1ba7baf\" data-element_type=\"widget\" data-widget_type=\"button.default\">\n\t\t\t\t<div class=\"elementor-widget-container\">\n\t\t\t\t\t\t\t\t\t<div class=\"elementor-button-wrapper\">\n\t\t\t\t\t<a class=\"elementor-button elementor-button-link elementor-size-sm\" href=\"https:\/\/freestylelab.be\/fr\/bourse\/\">\n\t\t\t\t\t\t<span class=\"elementor-button-content-wrapper\">\n\t\t\t\t\t\t\t\t\t<span class=\"elementor-button-text\">En savoir plus<\/span>\n\t\t\t\t\t<\/span>\n\t\t\t\t\t<\/a>\n\t\t\t\t<\/div>\n\t\t\t\t\t\t\t\t<\/div>\n\t\t\t\t<\/div>\n\t\t\t\t\t<\/div>\n\t\t<\/div>\n\t\t\t\t<div class=\"aux-parallax-section elementor-column elementor-col-33 elementor-inner-column elementor-element elementor-element-0a1df4c\" data-id=\"0a1df4c\" data-element_type=\"column\" data-settings='{\"background_background\":\"slideshow\",\"background_slideshow_gallery\":[],\"background_slideshow_loop\":\"yes\",\"background_slideshow_slide_duration\":5000,\"background_slideshow_slide_transition\":\"fade\",\"background_slideshow_transition_duration\":500}'>\n\t\t\t<div class=\"elementor-widget-wrap elementor-element-populated\">\n\t\t\t\t\t\t<div class=\"elementor-element elementor-element-2d4c868 elementor-widget elementor-widget-image\" data-id=\"2d4c868\" data-element_type=\"widget\" data-widget_type=\"image.default\">\n\t\t\t\t<div class=\"elementor-widget-container\">\n\t\t\t\t\t\t\t\t\t\t\t\t\t\t\t<img loading=\"lazy\" decoding=\"async\" width=\"2560\" height=\"1979\" src=\"https:\/\/i0.wp.com\/freestylelab.be\/wp-content\/uploads\/2023\/07\/IMG_3897-scaled.jpg?fit=2560%2C1979&amp;ssl=1\" class=\"attachment-full size-full wp-image-3556\" alt=\"\" srcset=\"https:\/\/i0.wp.com\/freestylelab.be\/wp-content\/uploads\/2023\/07\/IMG_3897-scaled.jpg?w=2560&amp;ssl=1 2560w, https:\/\/i0.wp.com\/freestylelab.be\/wp-content\/uploads\/2023\/07\/IMG_3897-scaled.jpg?w=2000&amp;ssl=1 2000w\" sizes=\"auto, (max-width: 1000px) 100vw, 1000px\">\t\t\t\t\t\t\t\t\t\t\t\t\t\t\t<\/div>\n\t\t\t\t<\/div>\n\t\t\t\t<div class=\"elementor-element elementor-element-4422efc elementor-widget elementor-widget-aux_modern_heading\" data-id=\"4422efc\" data-element_type=\"widget\" data-widget_type=\"aux_modern_heading.default\">\n\t\t\t\t<div class=\"elementor-widget-container\">\n\t\t\t\t\t<section class=\"aux-widget-modern-heading\">\n            <div class=\"aux-widget-inner\"><h2 class=\"aux-modern-heading-primary\"><\/h2><h3 class=\"aux-modern-heading-secondary\"><span class=\"aux-head-before\">Freestyle classics<\/span><\/h3><\/div>\n        <\/section>\t\t\t\t<\/div>\n\t\t\t\t<\/div>\n\t\t\t\t<div class=\"elementor-element elementor-element-a0f6eae elementor-align-left elementor-mobile-align-center elementor-widget__width-auto elementor-widget-mobile__width-inherit elementor-widget elementor-widget-button\" data-id=\"a0f6eae\" data-element_type=\"widget\" data-widget_type=\"button.default\">\n\t\t\t\t<div class=\"elementor-widget-container\">\n\t\t\t\t\t\t\t\t\t<div class=\"elementor-button-wrapper\">\n\t\t\t\t\t<a class=\"elementor-button elementor-button-link elementor-size-sm\" href=\"https:\/\/freestylelab.be\/fr\/freestyle-classics\/\">\n\t\t\t\t\t\t<span class=\"elementor-button-content-wrapper\">\n\t\t\t\t\t\t\t\t\t<span class=\"elementor-button-text\">En savoir plus<\/span>\n\t\t\t\t\t<\/span>\n\t\t\t\t\t<\/a>\n\t\t\t\t<\/div>\n\t\t\t\t\t\t\t\t<\/div>\n\t\t\t\t<\/div>\n\t\t\t\t\t<\/div>\n\t\t<\/div>\n\t\t\t\t\t<\/div>\n\t\t<\/section>\n\t\t\t\t\t<\/div>\n\t\t<\/div>\n\t\t\t\t\t<\/div>\n\t\t<\/section>\n\t\t\t\t<\/div>\n\t\t<\/body>","protected":false},"excerpt":{"rendered":"<p>Our projects Our projects include multiple event concepts, shows, performances, and an annual scholarship. The unique goal is to bring together the street dance community and allow its development and professionalization. Events Read more Scholarship Read more Freestyle classics Read more<\/p>","protected":false},"author":1,"featured_media":0,"parent":0,"menu_order":0,"comment_status":"closed","ping_status":"closed","template":"elementor_header_footer","meta":{"nf_dc_page":"","_monsterinsights_skip_tracking":false,"_monsterinsights_sitenote_active":false,"_monsterinsights_sitenote_note":"","_monsterinsights_sitenote_category":0,"footnotes":""},"class_list":["post-3607","page","type-page","status-publish","hentry"],"jetpack_sharing_enabled":true,"_links":{"self":[{"href":"https:\/\/freestylelab.be\/fr\/wp-json\/wp\/v2\/pages\/3607","targetHints":{"allow":["GET"]}}],"collection":[{"href":"https:\/\/freestylelab.be\/fr\/wp-json\/wp\/v2\/pages"}],"about":[{"href":"https:\/\/freestylelab.be\/fr\/wp-json\/wp\/v2\/types\/page"}],"author":[{"embeddable":true,"href":"https:\/\/freestylelab.be\/fr\/wp-json\/wp\/v2\/users\/1"}],"replies":[{"embeddable":true,"href":"https:\/\/freestylelab.be\/fr\/wp-json\/wp\/v2\/comments?post=3607"}],"version-history":[{"count":29,"href":"https:\/\/freestylelab.be\/fr\/wp-json\/wp\/v2\/pages\/3607\/revisions"}],"predecessor-version":[{"id":6147,"href":"https:\/\/freestylelab.be\/fr\/wp-json\/wp\/v2\/pages\/3607\/revisions\/6147"}],"wp:attachment":[{"href":"https:\/\/freestylelab.be\/fr\/wp-json\/wp\/v2\/media?parent=3607"}],"curies":[{"name":"wp","href":"https:\/\/api.w.org\/{rel}","templated":true}]}}