{"id":3200,"date":"2022-10-11T12:02:58","date_gmt":"2022-10-11T12:02:58","guid":{"rendered":"https:\/\/freestylelab.be\/?page_id=3200"},"modified":"2026-03-26T21:16:18","modified_gmt":"2026-03-26T21:16:18","slug":"bourse","status":"publish","type":"page","link":"https:\/\/freestylelab.be\/fr\/bourse\/","title":{"rendered":"Bourse"},"content":{"rendered":"<body>\t\t<div data-elementor-type=\"wp-page\" data-elementor-id=\"3200\" class=\"elementor elementor-3200\">\n\t\t\t\t\t\t<section class=\"elementor-section elementor-top-section elementor-element elementor-element-dd2b9b5 elementor-section-height-min-height elementor-section-boxed elementor-section-height-default elementor-section-items-middle\" data-id=\"dd2b9b5\" data-element_type=\"section\" data-settings='{\"background_background\":\"classic\"}'>\n\t\t\t\t\t\t<div class=\"elementor-container elementor-column-gap-default\">\n\t\t\t\t\t<div class=\"aux-parallax-section elementor-column elementor-col-50 elementor-top-column elementor-element elementor-element-1c81227\" data-id=\"1c81227\" data-element_type=\"column\">\n\t\t\t<div class=\"elementor-widget-wrap elementor-element-populated\">\n\t\t\t\t\t\t<div class=\"elementor-element elementor-element-2a7a822 elementor-widget__width-initial elementor-widget elementor-widget-aux_modern_heading\" data-id=\"2a7a822\" data-element_type=\"widget\" data-widget_type=\"aux_modern_heading.default\">\n\t\t\t\t<div class=\"elementor-widget-container\">\n\t\t\t\t\t<section class=\"aux-widget-modern-heading\">\n            <div class=\"aux-widget-inner\"><h2 class=\"aux-modern-heading-primary\">Bourse Freestyle Lab<\/h2><h3 class=\"aux-modern-heading-secondary\"><span class=\"aux-head-before\">POUR LA COMMUNAUT\u00c9 BELGE<\/span><\/h3><div class=\"aux-modern-heading-description\"><p><span style=\"font-weight: 400\">Nous sommes ravis et fiers de relancer ce projet en 2026. <\/span><\/p><p><span style=\"font-weight: 400\">Deux bourses, deux danseurs soutenus \u00e0 nouveau en 2025.\u00a0<\/span><\/p><p><span style=\"font-weight: 400\">Un coup de pouce pour favoriser encore davantage le d\u00e9veloppement et la visibilit\u00e9 de la communaut\u00e9 de la danse de rue en Belgique.<\/span><\/p><p>Lisez toutes les informations ci-dessous et au travail !<\/p><p>#ForUsByUs<\/p><\/div><\/div>\n        <\/section>\t\t\t\t<\/div>\n\t\t\t\t<\/div>\n\t\t\t\t\t<\/div>\n\t\t<\/div>\n\t\t\t\t<div class=\"aux-parallax-section elementor-column elementor-col-50 elementor-top-column elementor-element elementor-element-8154514\" data-id=\"8154514\" data-element_type=\"column\">\n\t\t\t<div class=\"elementor-widget-wrap elementor-element-populated\">\n\t\t\t\t\t\t<div class=\"elementor-element elementor-element-5938237 elementor-widget elementor-widget-image\" data-id=\"5938237\" data-element_type=\"widget\" data-widget_type=\"image.default\">\n\t\t\t\t<div class=\"elementor-widget-container\">\n\t\t\t\t\t\t\t\t\t\t\t\t\t\t\t<img loading=\"lazy\" decoding=\"async\" width=\"300\" height=\"300\" src=\"https:\/\/i0.wp.com\/freestylelab.be\/wp-content\/uploads\/2026\/02\/bourse-1.png?fit=300%2C300&amp;ssl=1\" class=\"attachment-medium size-medium wp-image-6005\" alt=\"\" srcset=\"https:\/\/i0.wp.com\/freestylelab.be\/wp-content\/uploads\/2026\/02\/bourse-1.png?resize=300%2C300&amp;ssl=1 300w, https:\/\/i0.wp.com\/freestylelab.be\/wp-content\/uploads\/2026\/02\/bourse-1.png?resize=1024%2C1024&amp;ssl=1 1024w, https:\/\/i0.wp.com\/freestylelab.be\/wp-content\/uploads\/2026\/02\/bourse-1.png?resize=150%2C150&amp;ssl=1 150w, https:\/\/i0.wp.com\/freestylelab.be\/wp-content\/uploads\/2026\/02\/bourse-1.png?resize=768%2C768&amp;ssl=1 768w, https:\/\/i0.wp.com\/freestylelab.be\/wp-content\/uploads\/2026\/02\/bourse-1.png?w=70&amp;ssl=1 70w, https:\/\/i0.wp.com\/freestylelab.be\/wp-content\/uploads\/2026\/02\/bourse-1.png?zoom=2&amp;resize=300%2C300&amp;ssl=1 600w, https:\/\/i0.wp.com\/freestylelab.be\/wp-content\/uploads\/2026\/02\/bourse-1.png?zoom=3&amp;resize=300%2C300&amp;ssl=1 900w\" sizes=\"auto, (max-width: 300px) 100vw, 300px\">\t\t\t\t\t\t\t\t\t\t\t\t\t\t\t<\/div>\n\t\t\t\t<\/div>\n\t\t\t\t\t<\/div>\n\t\t<\/div>\n\t\t\t\t\t<\/div>\n\t\t<\/section>\n\t\t\t\t<section class=\"elementor-section elementor-top-section elementor-element elementor-element-ff1ec1d elementor-section-height-min-height elementor-section-content-middle elementor-section-boxed elementor-section-height-default elementor-section-items-middle\" data-id=\"ff1ec1d\" data-element_type=\"section\" data-settings='{\"background_background\":\"gradient\"}'>\n\t\t\t\t\t\t<div class=\"elementor-container elementor-column-gap-no\">\n\t\t\t\t\t<div class=\"aux-parallax-section elementor-column elementor-col-100 elementor-top-column elementor-element elementor-element-48f115d\" data-id=\"48f115d\" data-element_type=\"column\">\n\t\t\t<div class=\"elementor-widget-wrap elementor-element-populated\">\n\t\t\t\t\t\t<div class=\"elementor-element elementor-element-6ac547f elementor-widget elementor-widget-aux_modern_heading\" data-id=\"6ac547f\" data-element_type=\"widget\" data-widget_type=\"aux_modern_heading.default\">\n\t\t\t\t<div class=\"elementor-widget-container\">\n\t\t\t\t\t<section class=\"aux-widget-modern-heading\">\n            <div class=\"aux-widget-inner\"><h2 class=\"aux-modern-heading-primary\">Practical information<\/h2><h3 class=\"aux-modern-heading-secondary\"><span class=\"aux-head-before\">DE QUOI S'AGIT-IL ?<\/span><\/h3><div class=\"aux-modern-heading-description\"><p>En 2026, nous proposerons un soutien unique \u00e0 DEUX danseurs de freestyle belges. Cette bourse couvrira principalement les frais d'entra\u00eenement et de d\u00e9placement pendant un an. Nous souhaitons offrir une opportunit\u00e9 unique aux danseurs de rue qui ont BESOIN d'un soutien pour pouvoir se d\u00e9velopper et faire \u00e9voluer leur art ; qui cherchent \u00e0 acqu\u00e9rir davantage d'exp\u00e9rience et de connaissances ; qui souhaitent participer \u00e0 des \u00e9v\u00e9nements internationaux dans le but de progresser, de se d\u00e9passer et de repr\u00e9senter la Belgique \u00e0 l'international.<\/p><\/div><\/div>\n        <\/section>\t\t\t\t<\/div>\n\t\t\t\t<\/div>\n\t\t\t\t<div class=\"elementor-element elementor-element-10b9a58 elementor-widget elementor-widget-aux_modern_heading\" data-id=\"10b9a58\" data-element_type=\"widget\" data-widget_type=\"aux_modern_heading.default\">\n\t\t\t\t<div class=\"elementor-widget-container\">\n\t\t\t\t\t<section class=\"aux-widget-modern-heading\">\n            <div class=\"aux-widget-inner\"><h2 class=\"aux-modern-heading-primary\"><\/h2><h3 class=\"aux-modern-heading-secondary\"><span class=\"aux-head-before\">QU'EST-CE QUE NOUS PROPOSONS ?<\/span><\/h3><div class=\"aux-modern-heading-description\"><p>Le montant de la bourse s'\u00e9l\u00e8ve \u00e0 plus de 3 500 \u20ac par danseur.<\/p><p>Nous donnerons un coup de pouce \u00e0 ces danseurs en leur permettant de participer \u00e0 des ateliers, des stages et des battles de haut niveau ; de b\u00e9n\u00e9ficier des conseils professionnels de l'\u00e9quipe du Freestyle Lab ; et de profiter d'une bourse de 1 500 \u20ac pour d\u00e9velopper leurs talents et leurs comp\u00e9tences, se rendre \u00e0 des \u00e9v\u00e9nements \u00e0 l'\u00e9tranger et atteindre leurs objectifs artistiques.<\/p><ul><li>Bourse de 1 500 \u20ac<\/li><li>Camp de juillet : 895 \u20ac<\/li><li>Camp d'ao\u00fbt : 895 \u20ac<\/li><li>Tous les ateliers, mini-stages, cours et \u00e9v\u00e9nements organis\u00e9s par Freestyle Lab en 2026.<\/li><\/ul><p>En plus de ce soutien, les deux artistes s\u00e9lectionn\u00e9s b\u00e9n\u00e9ficieront d'un accompagnement individuel comprenant des conseils personnalis\u00e9s, des formations professionnelles et un plan de carri\u00e8re artistique concret, en fonction de leurs objectifs et de leurs ambitions artistiques.<\/p><\/div><\/div>\n        <\/section>\t\t\t\t<\/div>\n\t\t\t\t<\/div>\n\t\t\t\t<div class=\"elementor-element elementor-element-cbe3191 elementor-widget elementor-widget-aux_modern_heading\" data-id=\"cbe3191\" data-element_type=\"widget\" data-widget_type=\"aux_modern_heading.default\">\n\t\t\t\t<div class=\"elementor-widget-container\">\n\t\t\t\t\t<section class=\"aux-widget-modern-heading\">\n            <div class=\"aux-widget-inner\"><h2 class=\"aux-modern-heading-primary\"><\/h2><h3 class=\"aux-modern-heading-secondary\"><span class=\"aux-head-before\">CONDITIONS<\/span><\/h3><div class=\"aux-modern-heading-description\"><ul><li>\u00c2ge : entre 14 et 35 ans<\/li><li>\u00catre domicili\u00e9 en Belgique (une adresse postale officielle en Belgique est obligatoire)<\/li><li>Pratiquer l'un des styles suivants : hip-hop, house dance, krumping, popping, locking ou waacking.<\/li><li>AUCUNE formation en danse ni aucun dipl\u00f4me n'est requis.<\/li><li>Le niveau de danse doit \u00eatre sup\u00e9rieur \u00e0 interm\u00e9diaire. Vous devez d\u00e9j\u00e0 avoir acquis certaines connaissances et bases dans votre style (m\u00eame si ce n'est pas \u00e0 un niveau professionnel) ; une certaine exp\u00e9rience des battles est indispensable.<\/li><li>Nous appr\u00e9cierons que vous partagiez cette information sur les r\u00e9seaux sociaux et que vous nous aidiez \u00e0 la promouvoir. Lorsqu'une audition est organis\u00e9e, nous devons \u00eatre solidaires et la faire conna\u00eetre \u00e0 la communaut\u00e9. Nous taguer, republier, liker, commenter\u2026 tout cela est indispensable.<\/li><li>Votre motivation, votre vision personnelle et vos objectifs \u2013 ainsi que la mani\u00e8re dont vous comptez les atteindre \u2013 constituent un crit\u00e8re de s\u00e9lection important. Nous recherchons des danseurs qui ont de grandes ambitions pour repr\u00e9senter la Belgique \u00e0 l\u2019international et faire vivre notre culture.<\/li><\/ul><p>\u00a0<\/p><p><u>IMPORTANT:<\/u> <em>IMPORTANT : La candidature et la participation \u00e0 la bourse sont GRATUITES. Vous n\u2019avez rien \u00e0 payer ; ce projet est l\u00e0 pour vous soutenir.<\/em><\/p><\/div><\/div>\n        <\/section>\t\t\t\t<\/div>\n\t\t\t\t<\/div>\n\t\t\t\t<div class=\"elementor-element elementor-element-8481589 elementor-widget elementor-widget-aux_modern_heading\" data-id=\"8481589\" data-element_type=\"widget\" data-widget_type=\"aux_modern_heading.default\">\n\t\t\t\t<div class=\"elementor-widget-container\">\n\t\t\t\t\t<section class=\"aux-widget-modern-heading\">\n            <div class=\"aux-widget-inner\"><h2 class=\"aux-modern-heading-primary\"><\/h2><h3 class=\"aux-modern-heading-secondary\"><span class=\"aux-head-before\">COMMENT POSTULER ?<\/span><\/h3><div class=\"aux-modern-heading-description\"><p>Envoyez un e-mail en fran\u00e7ais, en anglais ou en n\u00e9erlandais \u00e0 info@freestylelab.be (objet de l'e-mail : bourse \/ scholarship). <a href=\"mailto:info@freestylelab.be\">info@freestylelab.be<\/a> (email subject : bourse \/ scholarship).\u00a0<\/p><p>Toutes les informations ci-dessous doivent figurer dans votre e-mail :<\/p><ul><li>Nom complet<\/li><li>Date de naissance<\/li><li>Adresse (doit \u00eatre en Belgique)<\/li><li>Email<\/li><li>Num\u00e9ro de t\u00e9l\u00e9phone<\/li><li>Style de danse que vous souhaitez pratiquer \/ repr\u00e9senter<\/li><li>Depuis combien de temps vous dansez<\/li><\/ul><p>Ensuite, envoyez-nous un texte ou une vid\u00e9o dans lequel\/laquelle vous expliquez :<\/p><ol><li>Une pr\u00e9sentation de vous-m\u00eame et votre motivation pour participer<\/li><li>Comment comptez-vous utiliser la bourse ? (pas uniquement sur le plan financier)<\/li><li>Quel est votre objectif en tant que danseur\/artiste ?<\/li><\/ol><\/div><\/div>\n        <\/section>\t\t\t\t<\/div>\n\t\t\t\t<\/div>\n\t\t\t\t<div class=\"elementor-element elementor-element-3d403be elementor-widget elementor-widget-aux_modern_heading\" data-id=\"3d403be\" data-element_type=\"widget\" data-widget_type=\"aux_modern_heading.default\">\n\t\t\t\t<div class=\"elementor-widget-container\">\n\t\t\t\t\t<section class=\"aux-widget-modern-heading\">\n            <div class=\"aux-widget-inner\"><h2 class=\"aux-modern-heading-primary\"><\/h2><h3 class=\"aux-modern-heading-secondary\"><span class=\"aux-head-before\">DATES IMPORTANTES<\/span><\/h3><div class=\"aux-modern-heading-description\"><p><span style=\"font-weight: 400\">Les candidatures peuvent \u00eatre envoy\u00e9es entre le 15 d\u00e9cembre et le 15 janvier 2025. <span style=\"text-decoration: underline\">between 15 December and 15 January 2026.<\/span>\u00a0<\/span><\/p><p><span style=\"font-weight: 400\">Du 15 au 25 janvier, nous organiserons \u00e9ventuellement des entretiens t\u00e9l\u00e9phoniques individuels avec les danseurs pr\u00e9s\u00e9lectionn\u00e9s afin de discuter de leurs objectifs personnels, de leurs motivations, de leurs disponibilit\u00e9s, etc.<\/span><\/p><p><span style=\"font-weight: 400\">Final selection of 2 dancers by 01 February 2026.<\/span><\/p><p><span style=\"font-weight: 400\">From January to December 2026, let\u2019s get to work!<\/span><\/p><\/div><\/div>\n        <\/section>\t\t\t\t<\/div>\n\t\t\t\t<\/div>\n\t\t\t\t<div class=\"elementor-element elementor-element-821ad79 elementor-widget elementor-widget-aux_modern_heading\" data-id=\"821ad79\" data-element_type=\"widget\" data-widget_type=\"aux_modern_heading.default\">\n\t\t\t\t<div class=\"elementor-widget-container\">\n\t\t\t\t\t<section class=\"aux-widget-modern-heading\">\n            <div class=\"aux-widget-inner\"><h2 class=\"aux-modern-heading-primary\"><\/h2><h3 class=\"aux-modern-heading-secondary\"><span class=\"aux-head-before\">APPLICATION DEADLINE : 15 January 2026<\/span><\/h3><div class=\"aux-modern-heading-description\"><p>#FreestyleLab<br>#hiphopinmovement<br>#forusbyus<br>#lavenirestanous<\/p><\/div><\/div>\n        <\/section>\t\t\t\t<\/div>\n\t\t\t\t<\/div>\n\t\t\t\t\t<\/div>\n\t\t<\/div>\n\t\t\t\t\t<\/div>\n\t\t<\/section>\n\t\t\t\t<\/div>\n\t\t<\/body>","protected":false},"excerpt":{"rendered":"<p>Bourse Freestyle Lab FOR THE BELGIAN COMMUNITY We are excited and proud to re-launch this project in 2026. Two scholarships, two dancers supported again in 2025.\u00a0 A boost to support even more development and visibility of street dance community in Belgium. Read all information below and let&#8217;s get to work! #ForUsByUs Practical information WHAT IT [&hellip;]<\/p>\n","protected":false},"author":1,"featured_media":6004,"parent":0,"menu_order":0,"comment_status":"closed","ping_status":"closed","template":"elementor_header_footer","meta":{"nf_dc_page":"","_monsterinsights_skip_tracking":false,"_monsterinsights_sitenote_active":false,"_monsterinsights_sitenote_note":"","_monsterinsights_sitenote_category":0,"footnotes":""},"class_list":["post-3200","page","type-page","status-publish","has-post-thumbnail","hentry"],"jetpack_sharing_enabled":true,"_links":{"self":[{"href":"https:\/\/freestylelab.be\/fr\/wp-json\/wp\/v2\/pages\/3200","targetHints":{"allow":["GET"]}}],"collection":[{"href":"https:\/\/freestylelab.be\/fr\/wp-json\/wp\/v2\/pages"}],"about":[{"href":"https:\/\/freestylelab.be\/fr\/wp-json\/wp\/v2\/types\/page"}],"author":[{"embeddable":true,"href":"https:\/\/freestylelab.be\/fr\/wp-json\/wp\/v2\/users\/1"}],"replies":[{"embeddable":true,"href":"https:\/\/freestylelab.be\/fr\/wp-json\/wp\/v2\/comments?post=3200"}],"version-history":[{"count":30,"href":"https:\/\/freestylelab.be\/fr\/wp-json\/wp\/v2\/pages\/3200\/revisions"}],"predecessor-version":[{"id":6260,"href":"https:\/\/freestylelab.be\/fr\/wp-json\/wp\/v2\/pages\/3200\/revisions\/6260"}],"wp:featuredmedia":[{"embeddable":true,"href":"https:\/\/freestylelab.be\/fr\/wp-json\/wp\/v2\/media\/6004"}],"wp:attachment":[{"href":"https:\/\/freestylelab.be\/fr\/wp-json\/wp\/v2\/media?parent=3200"}],"curies":[{"name":"wp","href":"https:\/\/api.w.org\/{rel}","templated":true}]}}