{"id":1942,"date":"2022-05-05T11:33:54","date_gmt":"2022-05-05T11:33:54","guid":{"rendered":"https:\/\/freestylelab.be\/?page_id=1942"},"modified":"2026-01-08T05:44:51","modified_gmt":"2026-01-08T05:44:51","slug":"association","status":"publish","type":"page","link":"https:\/\/freestylelab.be\/fr\/association\/","title":{"rendered":"Association"},"content":{"rendered":"<body>\t\t<div data-elementor-type=\"wp-page\" data-elementor-id=\"1942\" class=\"elementor elementor-1942\">\n\t\t\t\t\t\t<section class=\"elementor-section elementor-top-section elementor-element elementor-element-1e44cda elementor-section-height-min-height elementor-section-boxed elementor-section-height-default elementor-section-items-middle\" data-id=\"1e44cda\" data-element_type=\"section\" data-settings='{\"background_background\":\"classic\"}'>\n\t\t\t\t\t\t<div class=\"elementor-container elementor-column-gap-default\">\n\t\t\t\t\t<div class=\"aux-parallax-section elementor-column elementor-col-50 elementor-top-column elementor-element elementor-element-ecf0ba5\" data-id=\"ecf0ba5\" data-element_type=\"column\">\n\t\t\t<div class=\"elementor-widget-wrap elementor-element-populated\">\n\t\t\t\t\t\t<div class=\"elementor-element elementor-element-98cb5ad elementor-widget elementor-widget-aux_modern_heading\" data-id=\"98cb5ad\" data-element_type=\"widget\" data-widget_type=\"aux_modern_heading.default\">\n\t\t\t\t<div class=\"elementor-widget-container\">\n\t\t\t\t\t<section class=\"aux-widget-modern-heading\">\n            <div class=\"aux-widget-inner\"><h2 class=\"aux-modern-heading-primary\">Association<\/h2><div class=\"aux-modern-heading-description\"><p>Ce projet \u00e0 cheval entre la culture, l\u2019art, le sport ou la jeunesse, a \u00e9t\u00e9 fond\u00e9 par Anissa, elle-m\u00eame\ndanseuse freestyle depuis presque 10 ans. En cr\u00e9ant cette plateforme, elle a voulu r\u00e9pondre aux\nbesoins et aux manques de la communaut\u00e9 hip hop belge\u00a0: un manque d\u2019opportunit\u00e9s de\nd\u00e9veloppement et de rencontre pour s\u2019entrainer, se r\u00e9unir, \u00e9changer, apprendre, \u00e9voluer et faire vivre\nla culture.<\/p><\/div><\/div>\n        <\/section>\t\t\t\t<\/div>\n\t\t\t\t<\/div>\n\t\t\t\t\t<\/div>\n\t\t<\/div>\n\t\t\t\t<div class=\"aux-parallax-section elementor-column elementor-col-50 elementor-top-column elementor-element elementor-element-6698b84\" data-id=\"6698b84\" data-element_type=\"column\">\n\t\t\t<div class=\"elementor-widget-wrap elementor-element-populated\">\n\t\t\t\t\t\t<div class=\"elementor-element elementor-element-e8465d2 elementor-widget elementor-widget-image\" data-id=\"e8465d2\" data-element_type=\"widget\" data-widget_type=\"image.default\">\n\t\t\t\t<div class=\"elementor-widget-container\">\n\t\t\t\t\t\t\t\t\t\t\t\t\t\t\t<img loading=\"lazy\" decoding=\"async\" width=\"1887\" height=\"1258\" src=\"https:\/\/i0.wp.com\/freestylelab.be\/wp-content\/uploads\/2026\/01\/site-association-2.jpg?fit=1887%2C1258&amp;ssl=1\" class=\"attachment-full size-full wp-image-5855\" alt=\"\" srcset=\"https:\/\/i0.wp.com\/freestylelab.be\/wp-content\/uploads\/2026\/01\/site-association-2.jpg?w=1887&amp;ssl=1 1887w, https:\/\/i0.wp.com\/freestylelab.be\/wp-content\/uploads\/2026\/01\/site-association-2.jpg?resize=1536%2C1024&amp;ssl=1 1536w, https:\/\/i0.wp.com\/freestylelab.be\/wp-content\/uploads\/2026\/01\/site-association-2.jpg?resize=18%2C12&amp;ssl=1 18w\" sizes=\"auto, (max-width: 1000px) 100vw, 1000px\">\t\t\t\t\t\t\t\t\t\t\t\t\t\t\t<\/div>\n\t\t\t\t<\/div>\n\t\t\t\t\t<\/div>\n\t\t<\/div>\n\t\t\t\t\t<\/div>\n\t\t<\/section>\n\t\t\t\t<section class=\"elementor-section elementor-top-section elementor-element elementor-element-08778c4 elementor-section-height-min-height elementor-section-content-middle elementor-section-boxed elementor-section-height-default elementor-section-items-middle\" data-id=\"08778c4\" data-element_type=\"section\" data-settings='{\"background_background\":\"gradient\"}'>\n\t\t\t\t\t\t<div class=\"elementor-container elementor-column-gap-no\">\n\t\t\t\t\t<div class=\"aux-parallax-section elementor-column elementor-col-100 elementor-top-column elementor-element elementor-element-dab56d2\" data-id=\"dab56d2\" data-element_type=\"column\">\n\t\t\t<div class=\"elementor-widget-wrap elementor-element-populated\">\n\t\t\t\t\t\t<div class=\"elementor-element elementor-element-e883761 gradient-purple elementor-widget elementor-widget-aux_modern_heading\" data-id=\"e883761\" data-element_type=\"widget\" data-widget_type=\"aux_modern_heading.default\">\n\t\t\t\t<div class=\"elementor-widget-container\">\n\t\t\t\t\t<section class=\"aux-widget-modern-heading\">\n            <div class=\"aux-widget-inner\"><h1 class=\"aux-modern-heading-primary\">Notre mission<\/h1><\/div>\n        <\/section>\t\t\t\t<\/div>\n\t\t\t\t<\/div>\n\t\t\t\t<section class=\"elementor-section elementor-inner-section elementor-element elementor-element-4489fae elementor-section-boxed elementor-section-height-default elementor-section-height-default\" data-id=\"4489fae\" data-element_type=\"section\">\n\t\t\t\t\t\t<div class=\"elementor-container elementor-column-gap-default\">\n\t\t\t\t\t<div class=\"aux-parallax-section elementor-column elementor-col-50 elementor-inner-column elementor-element elementor-element-0ca1af6\" data-id=\"0ca1af6\" data-element_type=\"column\">\n\t\t\t<div class=\"elementor-widget-wrap elementor-element-populated\">\n\t\t\t\t\t\t<div class=\"elementor-element elementor-element-4de2f22 elementor-widget elementor-widget-aux_modern_heading\" data-id=\"4de2f22\" data-element_type=\"widget\" data-widget_type=\"aux_modern_heading.default\">\n\t\t\t\t<div class=\"elementor-widget-container\">\n\t\t\t\t\t<section class=\"aux-widget-modern-heading\">\n            <div class=\"aux-widget-inner\"><h1 class=\"aux-modern-heading-primary\"><\/h1><h3 class=\"aux-modern-heading-secondary\"><span class=\"aux-head-before\">Multiplier les opportunit\u00e9s d\u2019\u00e9change et de\nd\u00e9veloppement pour les danseurs <\/span><\/h3><div class=\"aux-modern-heading-description\"><p>Un r\u00f4le qui se traduit principalement par\nl\u2019organisation de ses propres \u00e9v\u00e8nements\u00a0:\nbattles, camps, workshops, jams,\nentrainements, sessions, cours, coaching, etc.\nMais aussi de nombreux \u00e9v\u00e8nements en\ncollaboration (qualifications nationales de\nbattles internationaux, festivals, \u2026).<\/p><\/div><\/div>\n        <\/section>\t\t\t\t<\/div>\n\t\t\t\t<\/div>\n\t\t\t\t\t<\/div>\n\t\t<\/div>\n\t\t\t\t<div class=\"aux-parallax-section elementor-column elementor-col-50 elementor-inner-column elementor-element elementor-element-4b51590\" data-id=\"4b51590\" data-element_type=\"column\">\n\t\t\t<div class=\"elementor-widget-wrap elementor-element-populated\">\n\t\t\t\t\t\t<div class=\"elementor-element elementor-element-5452033 elementor-widget elementor-widget-aux_modern_heading\" data-id=\"5452033\" data-element_type=\"widget\" data-widget_type=\"aux_modern_heading.default\">\n\t\t\t\t<div class=\"elementor-widget-container\">\n\t\t\t\t\t<section class=\"aux-widget-modern-heading\">\n            <div class=\"aux-widget-inner\"><h1 class=\"aux-modern-heading-primary\"><\/h1><h3 class=\"aux-modern-heading-secondary\"><span class=\"aux-head-before\">Promouvoir la communaut\u00e9 hip hop belge<\/span><\/h3><div class=\"aux-modern-heading-description\"><p>Gr\u00e2ce \u00e0 son large collectif et \u00e0 toute la\ncommunaut\u00e9 que l\u2019association a rassembl\u00e9 ces\nderniers ann\u00e9es, Freestyle Lab propose divers\nservices tels que des performances freestyles\nitin\u00e9rantes, des ateliers et initiations de danse\nfreestyle, l\u2019organisation d\u2019un \u00e9v\u00e8nement sur\nmesure, le partage de notre expertise pour vos\n\u00e9v\u00e8nements, et notre soutien promotionnelle\naupr\u00e8s de la communaut\u00e9 hip hop. L\u2019asbl\ncompte une trentaine de collaborations dans\nlesquelles ses services ont \u00e9t\u00e9 requis et a\ntoujours veill\u00e9 \u00e0 travailler avec des danseurs et\nactivistes du milieu.<\/p><\/div><\/div>\n        <\/section>\t\t\t\t<\/div>\n\t\t\t\t<\/div>\n\t\t\t\t\t<\/div>\n\t\t<\/div>\n\t\t\t\t\t<\/div>\n\t\t<\/section>\n\t\t\t\t<section class=\"elementor-section elementor-inner-section elementor-element elementor-element-f3c0600 elementor-section-boxed elementor-section-height-default elementor-section-height-default\" data-id=\"f3c0600\" data-element_type=\"section\" data-settings='{\"background_background\":\"gradient\"}'>\n\t\t\t\t\t\t\t<div class=\"elementor-background-overlay\"><\/div>\n\t\t\t\t\t\t\t<div class=\"elementor-container elementor-column-gap-default\">\n\t\t\t\t\t<div class=\"aux-parallax-section elementor-column elementor-col-100 elementor-inner-column elementor-element elementor-element-0438983\" data-id=\"0438983\" data-element_type=\"column\">\n\t\t\t<div class=\"elementor-widget-wrap elementor-element-populated\">\n\t\t\t\t\t\t<div class=\"elementor-element elementor-element-a7214ea elementor-widget elementor-widget-aux_modern_heading\" data-id=\"a7214ea\" data-element_type=\"widget\" data-widget_type=\"aux_modern_heading.default\">\n\t\t\t\t<div class=\"elementor-widget-container\">\n\t\t\t\t\t<section class=\"aux-widget-modern-heading\">\n            <div class=\"aux-widget-inner\"><h2 class=\"aux-modern-heading-primary\"><\/h2><h3 class=\"aux-modern-heading-secondary\"><span class=\"aux-head-before\">Ces deux r\u00f4les compl\u00e8tent la m\u00eame mission,<\/span><\/h3><div class=\"aux-modern-heading-description\"><p>celle de contribuer au d\u00e9veloppement et \u00e0 la\nprofessionnalisation des danseurs de rue, mais aussi d\u2019augmenter la visibilit\u00e9 de la sc\u00e8ne hip belge\naupr\u00e8s du grand public et de la sc\u00e8ne internationale.<\/p><\/div><\/div>\n        <\/section>\t\t\t\t<\/div>\n\t\t\t\t<\/div>\n\t\t\t\t\t<\/div>\n\t\t<\/div>\n\t\t\t\t\t<\/div>\n\t\t<\/section>\n\t\t\t\t\t<\/div>\n\t\t<\/div>\n\t\t\t\t\t<\/div>\n\t\t<\/section>\n\t\t\t\t<section class=\"elementor-section elementor-top-section elementor-element elementor-element-d1a977d elementor-section-height-min-height elementor-section-boxed elementor-section-height-default elementor-section-items-middle\" data-id=\"d1a977d\" data-element_type=\"section\" data-settings='{\"background_background\":\"gradient\"}'>\n\t\t\t\t\t\t<div class=\"elementor-container elementor-column-gap-default\">\n\t\t\t\t\t<div class=\"aux-parallax-section elementor-column elementor-col-100 elementor-top-column elementor-element elementor-element-0b043c3\" data-id=\"0b043c3\" data-element_type=\"column\">\n\t\t\t<div class=\"elementor-widget-wrap elementor-element-populated\">\n\t\t\t\t\t\t<div class=\"elementor-element elementor-element-abef1ce gradient-purple elementor-widget elementor-widget-aux_modern_heading\" data-id=\"abef1ce\" data-element_type=\"widget\" data-widget_type=\"aux_modern_heading.default\">\n\t\t\t\t<div class=\"elementor-widget-container\">\n\t\t\t\t\t<section class=\"aux-widget-modern-heading\">\n            <div class=\"aux-widget-inner\"><h2 class=\"aux-modern-heading-primary\">NOTRE VISION<\/h2><\/div>\n        <\/section>\t\t\t\t<\/div>\n\t\t\t\t<\/div>\n\t\t\t\t<section class=\"elementor-section elementor-inner-section elementor-element elementor-element-4aee61d elementor-section-boxed elementor-section-height-default elementor-section-height-default\" data-id=\"4aee61d\" data-element_type=\"section\">\n\t\t\t\t\t\t<div class=\"elementor-container elementor-column-gap-default\">\n\t\t\t\t\t<div class=\"aux-parallax-section elementor-column elementor-col-50 elementor-inner-column elementor-element elementor-element-3d0bc3b\" data-id=\"3d0bc3b\" data-element_type=\"column\">\n\t\t\t<div class=\"elementor-widget-wrap elementor-element-populated\">\n\t\t\t\t\t\t<div class=\"elementor-element elementor-element-16e79ac elementor-widget elementor-widget-aux_modern_heading\" data-id=\"16e79ac\" data-element_type=\"widget\" data-widget_type=\"aux_modern_heading.default\">\n\t\t\t\t<div class=\"elementor-widget-container\">\n\t\t\t\t\t<section class=\"aux-widget-modern-heading\">\n            <div class=\"aux-widget-inner\"><h2 class=\"aux-modern-heading-primary\"><\/h2><h3 class=\"aux-modern-heading-secondary\"><span class=\"aux-head-before\">Freestyle is the key<\/span><\/h3><div class=\"aux-modern-heading-description\"><p>Nous pr\u00f4nons la pratique du freestyle. Freestyle\nsignifie improvisation, autrement dit l\u2019essence\npremi\u00e8re de la danse, avant m\u00eame l\u2019aspect\nchor\u00e9graphique. Nous ne dansons pas devant\nun miroir mais sous forme de cercles, cr\u00e9ant\nainsi de r\u00e9els \u00e9changes et connexions et\npermettant \u00e0 chacun de s\u2019exprimer \u00e0 travers le\nmouvement. Danser librement au rythme de la\nmusique permet de d\u00e9velopper de nombreuses\nqualit\u00e9s chez l\u2019individu comme la confiance, la\ncr\u00e9ativit\u00e9 et la personnalit\u00e9.<\/p><\/div><\/div>\n        <\/section>\t\t\t\t<\/div>\n\t\t\t\t<\/div>\n\t\t\t\t\t<\/div>\n\t\t<\/div>\n\t\t\t\t<div class=\"aux-parallax-section elementor-column elementor-col-50 elementor-inner-column elementor-element elementor-element-555590f\" data-id=\"555590f\" data-element_type=\"column\">\n\t\t\t<div class=\"elementor-widget-wrap elementor-element-populated\">\n\t\t\t\t\t\t<div class=\"elementor-element elementor-element-40aefa0 elementor-widget elementor-widget-aux_modern_heading\" data-id=\"40aefa0\" data-element_type=\"widget\" data-widget_type=\"aux_modern_heading.default\">\n\t\t\t\t<div class=\"elementor-widget-container\">\n\t\t\t\t\t<section class=\"aux-widget-modern-heading\">\n            <div class=\"aux-widget-inner\"><h2 class=\"aux-modern-heading-primary\"><\/h2><h3 class=\"aux-modern-heading-secondary\"><span class=\"aux-head-before\">The hiphop we love<\/span><\/h3><div class=\"aux-modern-heading-description\"><p>\u00c0 travers ses \u00e9v\u00e8nements et activit\u00e9s, l\u2019asbl\nvise \u00e0 mettre en avant l\u2019importance de la culture\ndans notre soci\u00e9t\u00e9 et \u00e0 promouvoir plus\nparticuli\u00e8rement la culture hip\u2009hop pour toutes\nses valeurs \u00e9ducatives trop souvent oubli\u00e9es.\nLe hip hop c\u2019est le respect, l\u2019unit\u00e9, la\nconnaissance, l\u2019\u00e9ducation, la diversit\u00e9, le\npartage, la d\u00e9couverte, la cr\u00e9ativit\u00e9,\nl\u2019individualit\u00e9, l\u2019amusement, etc.<\/p><p>Nous permettons aux jeunes de sortir de leur\nroutine quotidienne, de rencontrer et d\u2019\u00e9changer\navec diff\u00e9rentes g\u00e9n\u00e9rations de danseurs, et\nnous incitons le grand public \u00e0 venir appr\u00e9cier\nla culture et l\u2019\u00e9nergie hip\u2009hop comme nous\nl\u2019appr\u00e9cions.<\/p><\/div><\/div>\n        <\/section>\t\t\t\t<\/div>\n\t\t\t\t<\/div>\n\t\t\t\t\t<\/div>\n\t\t<\/div>\n\t\t\t\t\t<\/div>\n\t\t<\/section>\n\t\t\t\t\t<\/div>\n\t\t<\/div>\n\t\t\t\t\t<\/div>\n\t\t<\/section>\n\t\t\t\t<\/div>\n\t\t<\/body>","protected":false},"excerpt":{"rendered":"<p>Association This project mixing culture, art, sports, and youth, was founded by Anissa, herself a freestyle dancer for almost 10 years. In creating this platform, she wanted to respond to the needs and lacks of the Belgian hip hop community: a lack of opportunities to develop and meet, and the ability to train, to get [&hellip;]<\/p>\n","protected":false},"author":1,"featured_media":0,"parent":0,"menu_order":0,"comment_status":"closed","ping_status":"closed","template":"elementor_header_footer","meta":{"nf_dc_page":"","_monsterinsights_skip_tracking":false,"_monsterinsights_sitenote_active":false,"_monsterinsights_sitenote_note":"","_monsterinsights_sitenote_category":0,"footnotes":""},"class_list":["post-1942","page","type-page","status-publish","hentry"],"jetpack_sharing_enabled":true,"_links":{"self":[{"href":"https:\/\/freestylelab.be\/fr\/wp-json\/wp\/v2\/pages\/1942","targetHints":{"allow":["GET"]}}],"collection":[{"href":"https:\/\/freestylelab.be\/fr\/wp-json\/wp\/v2\/pages"}],"about":[{"href":"https:\/\/freestylelab.be\/fr\/wp-json\/wp\/v2\/types\/page"}],"author":[{"embeddable":true,"href":"https:\/\/freestylelab.be\/fr\/wp-json\/wp\/v2\/users\/1"}],"replies":[{"embeddable":true,"href":"https:\/\/freestylelab.be\/fr\/wp-json\/wp\/v2\/comments?post=1942"}],"version-history":[{"count":29,"href":"https:\/\/freestylelab.be\/fr\/wp-json\/wp\/v2\/pages\/1942\/revisions"}],"predecessor-version":[{"id":5875,"href":"https:\/\/freestylelab.be\/fr\/wp-json\/wp\/v2\/pages\/1942\/revisions\/5875"}],"wp:attachment":[{"href":"https:\/\/freestylelab.be\/fr\/wp-json\/wp\/v2\/media?parent=1942"}],"curies":[{"name":"wp","href":"https:\/\/api.w.org\/{rel}","templated":true}]}}