{"id":1772,"date":"2022-04-18T07:17:18","date_gmt":"2022-04-18T07:17:18","guid":{"rendered":"https:\/\/freestylelab.be\/?page_id=1772"},"modified":"2026-03-25T19:53:40","modified_gmt":"2026-03-25T19:53:40","slug":"services","status":"publish","type":"page","link":"https:\/\/freestylelab.be\/fr\/services\/","title":{"rendered":"Services"},"content":{"rendered":"<body>\t\t<div data-elementor-type=\"wp-page\" data-elementor-id=\"1772\" class=\"elementor elementor-1772\">\n\t\t\t\t\t\t<section class=\"elementor-section elementor-top-section elementor-element elementor-element-7fd7049 elementor-section-height-min-height elementor-section-boxed elementor-section-height-default elementor-section-items-middle\" data-id=\"7fd7049\" data-element_type=\"section\" data-settings='{\"background_background\":\"classic\"}'>\n\t\t\t\t\t\t<div class=\"elementor-container elementor-column-gap-default\">\n\t\t\t\t\t<div class=\"aux-parallax-section elementor-column elementor-col-100 elementor-top-column elementor-element elementor-element-40d77c8\" data-id=\"40d77c8\" data-element_type=\"column\">\n\t\t\t<div class=\"elementor-widget-wrap elementor-element-populated\">\n\t\t\t\t\t\t<div class=\"elementor-element elementor-element-972c315 elementor-widget elementor-widget-aux_modern_heading\" data-id=\"972c315\" data-element_type=\"widget\" data-widget_type=\"aux_modern_heading.default\">\n\t\t\t\t<div class=\"elementor-widget-container\">\n\t\t\t\t\t<section class=\"aux-widget-modern-heading\">\n            <div class=\"aux-widget-inner\"><h2 class=\"aux-modern-heading-primary\">Services<\/h2><div class=\"aux-modern-heading-description\"><p>Nous construisons avec vous diff\u00e9rentes activit\u00e9s sur mesure<\/p><\/div><\/div>\n        <\/section>\t\t\t\t<\/div>\n\t\t\t\t<\/div>\n\t\t\t\t\t<\/div>\n\t\t<\/div>\n\t\t\t\t\t<\/div>\n\t\t<\/section>\n\t\t\t\t<section class=\"elementor-section elementor-top-section elementor-element elementor-element-c0f1e46 elementor-section-height-min-height elementor-section-items-top elementor-section-boxed elementor-section-height-default\" data-id=\"c0f1e46\" data-element_type=\"section\" data-settings='{\"background_background\":\"classic\"}'>\n\t\t\t\t\t\t<div class=\"elementor-container elementor-column-gap-default\">\n\t\t\t\t\t<div class=\"aux-parallax-section elementor-column elementor-col-50 elementor-top-column elementor-element elementor-element-bbc5eb7\" data-id=\"bbc5eb7\" data-element_type=\"column\">\n\t\t\t<div class=\"elementor-widget-wrap elementor-element-populated\">\n\t\t\t\t\t\t<div class=\"elementor-element elementor-element-4072878 elementor-widget elementor-widget-image\" data-id=\"4072878\" data-element_type=\"widget\" data-widget_type=\"image.default\">\n\t\t\t\t<div class=\"elementor-widget-container\">\n\t\t\t\t\t\t\t\t\t\t\t\t\t\t\t<img loading=\"lazy\" decoding=\"async\" width=\"1024\" height=\"1024\" src=\"https:\/\/i0.wp.com\/freestylelab.be\/wp-content\/uploads\/2022\/05\/PHOTO-19.jpg?fit=1024%2C1024&amp;ssl=1\" class=\"attachment-large size-large wp-image-2460\" alt=\"\" srcset=\"https:\/\/i0.wp.com\/freestylelab.be\/wp-content\/uploads\/2022\/05\/PHOTO-19.jpg?resize=300%2C300&amp;ssl=1 300w, https:\/\/i0.wp.com\/freestylelab.be\/wp-content\/uploads\/2022\/05\/PHOTO-19.jpg?resize=1024%2C1024&amp;ssl=1 1024w, https:\/\/i0.wp.com\/freestylelab.be\/wp-content\/uploads\/2022\/05\/PHOTO-19.jpg?resize=150%2C150&amp;ssl=1 150w, https:\/\/i0.wp.com\/freestylelab.be\/wp-content\/uploads\/2022\/05\/PHOTO-19.jpg?resize=768%2C768&amp;ssl=1 768w, https:\/\/i0.wp.com\/freestylelab.be\/wp-content\/uploads\/2022\/05\/PHOTO-19.jpg?zoom=2&amp;resize=1024%2C1024&amp;ssl=1 2048w\" sizes=\"auto, (max-width: 1000px) 100vw, 1000px\">\t\t\t\t\t\t\t\t\t\t\t\t\t\t\t<\/div>\n\t\t\t\t<\/div>\n\t\t\t\t\t<\/div>\n\t\t<\/div>\n\t\t\t\t<div class=\"aux-parallax-section elementor-column elementor-col-50 elementor-top-column elementor-element elementor-element-cbf87d6 aux-appear-watch-animation aux-fade-in\" data-id=\"cbf87d6\" data-element_type=\"column\">\n\t\t\t<div class=\"elementor-widget-wrap elementor-element-populated\">\n\t\t\t\t\t\t<div class=\"elementor-element elementor-element-165aab1 elementor-widget-divider--view-line elementor-widget elementor-widget-divider\" data-id=\"165aab1\" data-element_type=\"widget\" data-widget_type=\"divider.default\">\n\t\t\t\t<div class=\"elementor-widget-container\">\n\t\t\t\t\t\t\t<div class=\"elementor-divider\">\n\t\t\t<span class=\"elementor-divider-separator\">\n\t\t\t\t\t\t<\/span>\n\t\t<\/div>\n\t\t\t\t\t\t<\/div>\n\t\t\t\t<\/div>\n\t\t\t\t<div class=\"elementor-element elementor-element-24a13df elementor-widget elementor-widget-aux_modern_heading\" data-id=\"24a13df\" data-element_type=\"widget\" data-widget_type=\"aux_modern_heading.default\">\n\t\t\t\t<div class=\"elementor-widget-container\">\n\t\t\t\t\t<section class=\"aux-widget-modern-heading\">\n            <div class=\"aux-widget-inner\"><h2 class=\"aux-modern-heading-primary\"><\/h2><div class=\"aux-modern-heading-description\"><p>Que vous soyez un groupe priv\u00e9, une institution, un centre culturel ou une maison de jeunes,\n\u00e0 la recherche de\u00a0:<\/p><p>Une animation r\u00e9guli\u00e8re ou ponctuelle (pour jeunes ou adultes), d\u2019une performance lors de votre\n\u00e9v\u00e8nement, d\u2019une activit\u00e9 p\u00e9dagogique ou culturelle lors de votre \u00e9v\u00e9nement, ou encore de notre\nexpertise en tant qu\u2019acteurs du milieu,<\/p><p><strong>We build with you different tailor-made activities.<\/strong><\/p><p>Les activit\u00e9s p\u00e9dagogiques sont donn\u00e9es par notre collectif de danseurs, actifs dans le milieu depuis\nune dizaine d\u2019ann\u00e9e, et professeurs de danse dans de nombreuses \u00e9coles francophones et\nflamandes.<\/p><p><strong>Notre flexibilit\u00e9 et notre passion<\/strong> pour le freestyle nous permettent d\u2019adapter facilement nos\nprestations en fonction de vos envies et besoins, ou celles de votre public.<\/p><p>Nos objectifs\u2009? amusement, cr\u00e9ativit\u00e9, partage, d\u00e9couverte, improvisation, danse, rythme, sortir de\nsa zone de confort, trouver sa place au sein du groupe, rassembler, \u00e9changer, s\u2019exprimer...<\/p><\/div><\/div>\n        <\/section>\t\t\t\t<\/div>\n\t\t\t\t<\/div>\n\t\t\t\t<div class=\"elementor-element elementor-element-d90e508 elementor-align-left elementor-widget elementor-widget-button\" data-id=\"d90e508\" data-element_type=\"widget\" data-widget_type=\"button.default\">\n\t\t\t\t<div class=\"elementor-widget-container\">\n\t\t\t\t\t\t\t\t\t<div class=\"elementor-button-wrapper\">\n\t\t\t\t\t<a class=\"elementor-button elementor-button-link elementor-size-sm\" href=\"https:\/\/freestylelab.be\/fr\/contact-2\/\">\n\t\t\t\t\t\t<span class=\"elementor-button-content-wrapper\">\n\t\t\t\t\t\t\t\t\t<span class=\"elementor-button-text\">Contactez-nous<\/span>\n\t\t\t\t\t<\/span>\n\t\t\t\t\t<\/a>\n\t\t\t\t<\/div>\n\t\t\t\t\t\t\t\t<\/div>\n\t\t\t\t<\/div>\n\t\t\t\t\t<\/div>\n\t\t<\/div>\n\t\t\t\t\t<\/div>\n\t\t<\/section>\n\t\t\t\t<section class=\"elementor-section elementor-top-section elementor-element elementor-element-9e44ca5 elementor-section-height-min-height elementor-section-items-top elementor-section-boxed elementor-section-height-default\" data-id=\"9e44ca5\" data-element_type=\"section\" data-settings='{\"background_background\":\"gradient\"}'>\n\t\t\t\t\t\t<div class=\"elementor-container elementor-column-gap-no\">\n\t\t\t\t\t<div class=\"aux-parallax-section elementor-column elementor-col-100 elementor-top-column elementor-element elementor-element-1b62305\" data-id=\"1b62305\" data-element_type=\"column\">\n\t\t\t<div class=\"elementor-widget-wrap elementor-element-populated\">\n\t\t\t\t\t\t<div class=\"elementor-element elementor-element-25c7d93 gradient-purple elementor-widget elementor-widget-heading\" data-id=\"25c7d93\" data-element_type=\"widget\" data-widget_type=\"heading.default\">\n\t\t\t\t<div class=\"elementor-widget-container\">\n\t\t\t\t\t<h1 class=\"elementor-heading-title elementor-size-default\">Danser. Performer. S'unir. <br>Votre parcours commence ici.<\/h1>\t\t\t\t<\/div>\n\t\t\t\t<\/div>\n\t\t\t\t<section class=\"elementor-section elementor-inner-section elementor-element elementor-element-0de9981 elementor-section-boxed elementor-section-height-default elementor-section-height-default\" data-id=\"0de9981\" data-element_type=\"section\">\n\t\t\t\t\t\t<div class=\"elementor-container elementor-column-gap-no\">\n\t\t\t\t\t<div class=\"aux-parallax-section elementor-column elementor-col-33 elementor-inner-column elementor-element elementor-element-d5f04e5\" data-id=\"d5f04e5\" data-element_type=\"column\">\n\t\t\t<div class=\"elementor-widget-wrap elementor-element-populated\">\n\t\t\t\t\t\t<div class=\"elementor-element elementor-element-241b1b3 elementor-icon-box-wrapper eael-infobox-shape-radius eael-infobox-content-align--center eael-infobox-hover-img-shape-square elementor-widget elementor-widget-eael-info-box\" data-id=\"241b1b3\" data-element_type=\"widget\" data-widget_type=\"eael-info-box.default\">\n\t\t\t\t<div class=\"elementor-widget-container\">\n\t\t\t\t\t        <div class=\"eael-infobox icon-on-top\">\n\t            <div class=\"infobox-icon\">\n\n                            <img decoding=\"async\" src=\"https:\/\/i0.wp.com\/freestylelab.be\/wp-content\/uploads\/2026\/01\/site-events-2.jpg?fit=1584%2C1056&amp;ssl=1\" alt=\"\" loading=\"lazy\">\n            \n            \n            \n        <\/div>\n            <div class=\"infobox-content\">\n                    <div class=\"infobox-title-section\">\n                <h4 class=\"title\">\u00c9v\u00e9nements<\/h4>            <\/div>\n            <div><p>D\u00e9couvrez nos \u00e9v\u00e9nements et concepts. <br>&amp; concepts<\/p><\/div>        <div class=\"infobox-button\">\n            <a class=\"eael-infobox-button\" href=\"https:\/\/freestylelab.be\/fr\/events-100\/\">\n                                <span class=\"infobox-button-text\">En savoir plus<\/span>\n                            <\/a>\n        <\/div>\n            <\/div>\n            <\/div>\n\n\t\t\t\t\t\t<\/div>\n\t\t\t\t<\/div>\n\t\t\t\t\t<\/div>\n\t\t<\/div>\n\t\t\t\t<div class=\"aux-parallax-section elementor-column elementor-col-33 elementor-inner-column elementor-element elementor-element-ad4302b\" data-id=\"ad4302b\" data-element_type=\"column\">\n\t\t\t<div class=\"elementor-widget-wrap elementor-element-populated\">\n\t\t\t\t\t\t<div class=\"elementor-element elementor-element-a178d40 elementor-icon-box-wrapper eael-infobox-shape-radius eael-infobox-content-align--center eael-infobox-hover-img-shape-square elementor-widget elementor-widget-eael-info-box\" data-id=\"a178d40\" data-element_type=\"widget\" data-widget_type=\"eael-info-box.default\">\n\t\t\t\t<div class=\"elementor-widget-container\">\n\t\t\t\t\t        <div class=\"eael-infobox icon-on-top\">\n\t            <div class=\"infobox-icon\">\n\n                            <img decoding=\"async\" src=\"https:\/\/i0.wp.com\/freestylelab.be\/wp-content\/uploads\/2026\/01\/site-association.jpg?fit=2048%2C1365&amp;ssl=1\" alt=\"\" loading=\"lazy\">\n            \n            \n            \n        <\/div>\n            <div class=\"infobox-content\">\n                    <div class=\"infobox-title-section\">\n                <h4 class=\"title\">Association<\/h4>            <\/div>\n            <div><p>Freestyle Lab est un projet qui m\u00e9lange la culture, l'art, les sports, et la jeunesse.<\/p><\/div>        <div class=\"infobox-button\">\n            <a class=\"eael-infobox-button\" href=\"https:\/\/freestylelab.be\/fr\/association\/\">\n                                <span class=\"infobox-button-text\">En savoir plus<\/span>\n                            <\/a>\n        <\/div>\n            <\/div>\n            <\/div>\n\n\t\t\t\t\t\t<\/div>\n\t\t\t\t<\/div>\n\t\t\t\t\t<\/div>\n\t\t<\/div>\n\t\t\t\t<div class=\"aux-parallax-section elementor-column elementor-col-33 elementor-inner-column elementor-element elementor-element-e45c6e0\" data-id=\"e45c6e0\" data-element_type=\"column\">\n\t\t\t<div class=\"elementor-widget-wrap elementor-element-populated\">\n\t\t\t\t\t\t<div class=\"elementor-element elementor-element-d84e472 elementor-icon-box-wrapper eael-infobox-shape-radius eael-infobox-content-align--center eael-infobox-hover-img-shape-square elementor-widget elementor-widget-eael-info-box\" data-id=\"d84e472\" data-element_type=\"widget\" data-widget_type=\"eael-info-box.default\">\n\t\t\t\t<div class=\"elementor-widget-container\">\n\t\t\t\t\t        <div class=\"eael-infobox icon-on-top\">\n\t            <div class=\"infobox-icon\">\n\n                            <img decoding=\"async\" src=\"https:\/\/i0.wp.com\/freestylelab.be\/wp-content\/uploads\/2026\/01\/site-weekly-programme.jpg?fit=2048%2C1365&amp;ssl=1\" alt=\"\" loading=\"lazy\">\n            \n            \n            \n        <\/div>\n            <div class=\"infobox-content\">\n                    <div class=\"infobox-title-section\">\n                <h4 class=\"title\">Programme hebdomadaire<\/h4>            <\/div>\n            <div><p>Cr\u00e9\u00e9 et adapt\u00e9 \u00e0 vos besoins. <br>to your needs.<\/p><\/div>        <div class=\"infobox-button\">\n            <a class=\"eael-infobox-button\" href=\"https:\/\/freestylelab.be\/fr\/sessions\/\">\n                                <span class=\"infobox-button-text\">En savoir plus<\/span>\n                            <\/a>\n        <\/div>\n            <\/div>\n            <\/div>\n\n\t\t\t\t\t\t<\/div>\n\t\t\t\t<\/div>\n\t\t\t\t\t<\/div>\n\t\t<\/div>\n\t\t\t\t\t<\/div>\n\t\t<\/section>\n\t\t\t\t<section class=\"elementor-section elementor-inner-section elementor-element elementor-element-72c61ef elementor-section-boxed elementor-section-height-default elementor-section-height-default\" data-id=\"72c61ef\" data-element_type=\"section\">\n\t\t\t\t\t\t<div class=\"elementor-container elementor-column-gap-no\">\n\t\t\t\t\t<div class=\"aux-parallax-section elementor-column elementor-col-33 elementor-inner-column elementor-element elementor-element-2c1b3ee\" data-id=\"2c1b3ee\" data-element_type=\"column\">\n\t\t\t<div class=\"elementor-widget-wrap elementor-element-populated\">\n\t\t\t\t\t\t<div class=\"elementor-element elementor-element-0af6024 elementor-icon-box-wrapper eael-infobox-shape-radius eael-infobox-content-align--center eael-infobox-hover-img-shape-square elementor-widget elementor-widget-eael-info-box\" data-id=\"0af6024\" data-element_type=\"widget\" data-widget_type=\"eael-info-box.default\">\n\t\t\t\t<div class=\"elementor-widget-container\">\n\t\t\t\t\t        <div class=\"eael-infobox icon-on-top\">\n\t            <div class=\"infobox-icon\">\n\n                            <img decoding=\"async\" src=\"https:\/\/i0.wp.com\/freestylelab.be\/wp-content\/uploads\/2026\/01\/site-summer-camps.jpg?fit=2048%2C1365&amp;ssl=1\" alt=\"\" loading=\"lazy\">\n            \n            \n            \n        <\/div>\n            <div class=\"infobox-content\">\n                    <div class=\"infobox-title-section\">\n                <h4 class=\"title\">Summer Camps<\/h4>            <\/div>\n            <div><p>Le seul camp pour les danseurs freestyle en Belgique.<\/p><\/div>        <div class=\"infobox-button\">\n            <a class=\"eael-infobox-button\" href=\"https:\/\/freestylelab.be\/fr\/summercamps\/\">\n                                <span class=\"infobox-button-text\">En savoir plus<\/span>\n                            <\/a>\n        <\/div>\n            <\/div>\n            <\/div>\n\n\t\t\t\t\t\t<\/div>\n\t\t\t\t<\/div>\n\t\t\t\t\t<\/div>\n\t\t<\/div>\n\t\t\t\t<div class=\"aux-parallax-section elementor-column elementor-col-33 elementor-inner-column elementor-element elementor-element-06ed597\" data-id=\"06ed597\" data-element_type=\"column\">\n\t\t\t<div class=\"elementor-widget-wrap elementor-element-populated\">\n\t\t\t\t\t\t<div class=\"elementor-element elementor-element-336bd56 elementor-icon-box-wrapper eael-infobox-shape-radius eael-infobox-content-align--center eael-infobox-hover-img-shape-square elementor-widget elementor-widget-eael-info-box\" data-id=\"336bd56\" data-element_type=\"widget\" data-widget_type=\"eael-info-box.default\">\n\t\t\t\t<div class=\"elementor-widget-container\">\n\t\t\t\t\t        <div class=\"eael-infobox icon-on-top\">\n\t            <div class=\"infobox-icon\">\n\n                            <img decoding=\"async\" src=\"https:\/\/i0.wp.com\/freestylelab.be\/wp-content\/uploads\/2026\/01\/site-festival.jpg?fit=1620%2C1080&amp;ssl=1\" alt=\"\" loading=\"lazy\">\n            \n            \n            \n        <\/div>\n            <div class=\"infobox-content\">\n                    <div class=\"infobox-title-section\">\n                <h4 class=\"title\">Festival <\/h4>            <\/div>\n            <div><p>Un festival de 7 jours \u00e0 Bruxelles qui c\u00e9l\u00e8bre les dances de rue et urbaines.<\/p><\/div>        <div class=\"infobox-button\">\n            <a class=\"eael-infobox-button\" href=\"https:\/\/freestylelab.be\/fr\/festival\/\">\n                                <span class=\"infobox-button-text\">En savoir plus<\/span>\n                            <\/a>\n        <\/div>\n            <\/div>\n            <\/div>\n\n\t\t\t\t\t\t<\/div>\n\t\t\t\t<\/div>\n\t\t\t\t\t<\/div>\n\t\t<\/div>\n\t\t\t\t<div class=\"aux-parallax-section elementor-column elementor-col-33 elementor-inner-column elementor-element elementor-element-9a665cd\" data-id=\"9a665cd\" data-element_type=\"column\">\n\t\t\t<div class=\"elementor-widget-wrap elementor-element-populated\">\n\t\t\t\t\t\t<div class=\"elementor-element elementor-element-9d2cc46 elementor-icon-box-wrapper eael-infobox-shape-radius eael-infobox-content-align--center eael-infobox-hover-img-shape-square elementor-widget elementor-widget-eael-info-box\" data-id=\"9d2cc46\" data-element_type=\"widget\" data-widget_type=\"eael-info-box.default\">\n\t\t\t\t<div class=\"elementor-widget-container\">\n\t\t\t\t\t        <div class=\"eael-infobox icon-on-top\">\n\t            <div class=\"infobox-icon\">\n\n                            <img decoding=\"async\" src=\"https:\/\/i0.wp.com\/freestylelab.be\/wp-content\/uploads\/2026\/01\/site-services.jpg?fit=2048%2C1365&amp;ssl=1\" alt=\"\" loading=\"lazy\">\n            \n            \n            \n        <\/div>\n            <div class=\"infobox-content\">\n                    <div class=\"infobox-title-section\">\n                <h4 class=\"title\">Services<\/h4>            <\/div>\n            <div><p>Nous construisons avec vous diff\u00e9rentes activit\u00e9s sur mesure<\/p><\/div>        <div class=\"infobox-button\">\n            <a class=\"eael-infobox-button\" href=\"https:\/\/freestylelab.be\/fr\/services\/\">\n                                <span class=\"infobox-button-text\">En savoir plus<\/span>\n                            <\/a>\n        <\/div>\n            <\/div>\n            <\/div>\n\n\t\t\t\t\t\t<\/div>\n\t\t\t\t<\/div>\n\t\t\t\t\t<\/div>\n\t\t<\/div>\n\t\t\t\t\t<\/div>\n\t\t<\/section>\n\t\t\t\t\t<\/div>\n\t\t<\/div>\n\t\t\t\t\t<\/div>\n\t\t<\/section>\n\t\t\t\t<\/div>\n\t\t<\/body>","protected":false},"excerpt":{"rendered":"<p>Services We build with you different tailor-made activities Whether you are a private group, an institution, a cultural center or a youth center and you are looking for : a regular or occasional animation (for young people or adults), a performance during your event, an educational or cultural activity during your event, or our expertise [&hellip;]<\/p>\n","protected":false},"author":1,"featured_media":0,"parent":0,"menu_order":0,"comment_status":"closed","ping_status":"closed","template":"elementor_header_footer","meta":{"nf_dc_page":"","_monsterinsights_skip_tracking":false,"_monsterinsights_sitenote_active":false,"_monsterinsights_sitenote_note":"","_monsterinsights_sitenote_category":0,"footnotes":""},"class_list":["post-1772","page","type-page","status-publish","hentry"],"jetpack_sharing_enabled":true,"_links":{"self":[{"href":"https:\/\/freestylelab.be\/fr\/wp-json\/wp\/v2\/pages\/1772","targetHints":{"allow":["GET"]}}],"collection":[{"href":"https:\/\/freestylelab.be\/fr\/wp-json\/wp\/v2\/pages"}],"about":[{"href":"https:\/\/freestylelab.be\/fr\/wp-json\/wp\/v2\/types\/page"}],"author":[{"embeddable":true,"href":"https:\/\/freestylelab.be\/fr\/wp-json\/wp\/v2\/users\/1"}],"replies":[{"embeddable":true,"href":"https:\/\/freestylelab.be\/fr\/wp-json\/wp\/v2\/comments?post=1772"}],"version-history":[{"count":26,"href":"https:\/\/freestylelab.be\/fr\/wp-json\/wp\/v2\/pages\/1772\/revisions"}],"predecessor-version":[{"id":6237,"href":"https:\/\/freestylelab.be\/fr\/wp-json\/wp\/v2\/pages\/1772\/revisions\/6237"}],"wp:attachment":[{"href":"https:\/\/freestylelab.be\/fr\/wp-json\/wp\/v2\/media?parent=1772"}],"curies":[{"name":"wp","href":"https:\/\/api.w.org\/{rel}","templated":true}]}}