{"id":1693,"date":"2022-04-15T11:00:12","date_gmt":"2022-04-15T11:00:12","guid":{"rendered":"https:\/\/freestylelab.be\/?page_id=1693"},"modified":"2026-03-14T01:33:11","modified_gmt":"2026-03-14T01:33:11","slug":"sessions","status":"publish","type":"page","link":"https:\/\/freestylelab.be\/fr\/sessions\/","title":{"rendered":"Sessions"},"content":{"rendered":"<body>\t\t<div data-elementor-type=\"wp-page\" data-elementor-id=\"1693\" class=\"elementor elementor-1693\">\n\t\t\t\t\t\t<section class=\"elementor-section elementor-top-section elementor-element elementor-element-6c97e7d elementor-section-height-min-height elementor-section-content-middle elementor-section-boxed elementor-section-height-default elementor-section-items-middle\" data-id=\"6c97e7d\" data-element_type=\"section\" data-settings='{\"background_background\":\"classic\"}'>\n\t\t\t\t\t\t<div class=\"elementor-container elementor-column-gap-no\">\n\t\t\t\t\t<div class=\"aux-parallax-section elementor-column elementor-col-100 elementor-top-column elementor-element elementor-element-68ede7e\" data-id=\"68ede7e\" data-element_type=\"column\">\n\t\t\t<div class=\"elementor-widget-wrap elementor-element-populated\">\n\t\t\t\t\t\t<div class=\"elementor-element elementor-element-a013cd1 gradient-purple elementor-widget elementor-widget-aux_modern_heading\" data-id=\"a013cd1\" data-element_type=\"widget\" data-widget_type=\"aux_modern_heading.default\">\n\t\t\t\t<div class=\"elementor-widget-container\">\n\t\t\t\t\t<section class=\"aux-widget-modern-heading\">\n            <div class=\"aux-widget-inner\"><h1 class=\"aux-modern-heading-primary\">SESSIONS<\/h1><div class=\"aux-modern-heading-description\"><h4><span style=\"color: #000000\"><strong>A la recherche de cours ou de sessions r\u00e9guli\u00e8res\u00a0? Voici o\u00f9 nous trouver chaque semaine\u00a0!<\/strong><\/span><br><span style=\"color: #000000\"><strong>Information et inscription par courriel \u00e0 anissa@freestylelab.be <span style=\"text-decoration: underline\"><a href=\"mailto:events@freestylelab.be\">events@freestylelab.be<\/a><\/span><\/strong><\/span><\/h4><\/div><\/div>\n        <\/section>\t\t\t\t<\/div>\n\t\t\t\t<\/div>\n\t\t\t\t\t<\/div>\n\t\t<\/div>\n\t\t\t\t\t<\/div>\n\t\t<\/section>\n\t\t\t\t<section class=\"elementor-section elementor-top-section elementor-element elementor-element-5461091 elementor-section-boxed elementor-section-height-default elementor-section-height-default\" data-id=\"5461091\" data-element_type=\"section\" data-settings='{\"background_background\":\"gradient\"}'>\n\t\t\t\t\t\t<div class=\"elementor-container elementor-column-gap-default\">\n\t\t\t\t\t<div class=\"aux-parallax-section elementor-column elementor-col-33 elementor-top-column elementor-element elementor-element-f1f3963\" data-id=\"f1f3963\" data-element_type=\"column\">\n\t\t\t<div class=\"elementor-widget-wrap elementor-element-populated\">\n\t\t\t\t\t\t<div class=\"elementor-element elementor-element-65cbcee elementor-widget elementor-widget-image\" data-id=\"65cbcee\" data-element_type=\"widget\" data-widget_type=\"image.default\">\n\t\t\t\t<div class=\"elementor-widget-container\">\n\t\t\t\t\t\t\t\t\t\t\t\t\t\t\t<img loading=\"lazy\" decoding=\"async\" width=\"1080\" height=\"1350\" src=\"https:\/\/i0.wp.com\/freestylelab.be\/wp-content\/uploads\/2026\/01\/hip-hop-class-3.webp?fit=1080%2C1350&amp;ssl=1\" class=\"attachment-full size-full wp-image-5922\" alt=\"\" srcset=\"https:\/\/i0.wp.com\/freestylelab.be\/wp-content\/uploads\/2026\/01\/hip-hop-class-3.webp?w=1080&amp;ssl=1 1080w, https:\/\/i0.wp.com\/freestylelab.be\/wp-content\/uploads\/2026\/01\/hip-hop-class-3.webp?resize=10%2C12&amp;ssl=1 10w\" sizes=\"auto, (max-width: 1000px) 100vw, 1000px\">\t\t\t\t\t\t\t\t\t\t\t\t\t\t\t<\/div>\n\t\t\t\t<\/div>\n\t\t\t\t<div class=\"elementor-element elementor-element-73de0e6 elementor-widget elementor-widget-aux_modern_heading\" data-id=\"73de0e6\" data-element_type=\"widget\" data-widget_type=\"aux_modern_heading.default\">\n\t\t\t\t<div class=\"elementor-widget-container\">\n\t\t\t\t\t<section class=\"aux-widget-modern-heading\">\n            <div class=\"aux-widget-inner\"><h2 class=\"aux-modern-heading-primary\">Tous les mardis<\/h2><h3 class=\"aux-modern-heading-secondary\"><span class=\"aux-head-before\">100% female hip hop freestyle class with Anissa <\/span><\/h3><div class=\"aux-modern-heading-description\"><p><span style=\"font-weight: 400\">Du 07 octobre 2025 au 26 mai 2026.<\/span><\/p><p><strong>Cours \u00e0 confirmer aux dates suivantes : les 21 et 28 octobre, le 11 novembre, les 23 et 30 d\u00e9cembre et le 17 f\u00e9vrier.<\/strong><\/p><p><strong>Horaire:<\/strong> <span style=\"font-weight: 400\">18h30 - 20h30<\/span><\/p><p><strong>Adresse:<\/strong> Maison des Cultures, Rue de Belgrade 120, 1060 Brussels<\/p><p><span style=\"text-decoration: underline\"><strong>Acc\u00e8s gratuit !<\/strong><\/span><\/p><p><em><span style=\"font-weight: 400\">Avec le soutien de la Maison des Cultures de Saint-Gilles<\/span><\/em><\/p><\/div><\/div>\n        <\/section>\t\t\t\t<\/div>\n\t\t\t\t<\/div>\n\t\t\t\t\t<\/div>\n\t\t<\/div>\n\t\t\t\t<div class=\"aux-parallax-section elementor-column elementor-col-33 elementor-top-column elementor-element elementor-element-aff64bc\" data-id=\"aff64bc\" data-element_type=\"column\">\n\t\t\t<div class=\"elementor-widget-wrap elementor-element-populated\">\n\t\t\t\t\t\t<div class=\"elementor-element elementor-element-3458102 elementor-widget elementor-widget-image\" data-id=\"3458102\" data-element_type=\"widget\" data-widget_type=\"image.default\">\n\t\t\t\t<div class=\"elementor-widget-container\">\n\t\t\t\t\t\t\t\t\t\t\t\t\t\t\t<img loading=\"lazy\" decoding=\"async\" width=\"1080\" height=\"1350\" src=\"https:\/\/i0.wp.com\/freestylelab.be\/wp-content\/uploads\/2026\/01\/Ver-1-2.webp?fit=1080%2C1350&amp;ssl=1\" class=\"attachment-full size-full wp-image-5924\" alt=\"\" srcset=\"https:\/\/i0.wp.com\/freestylelab.be\/wp-content\/uploads\/2026\/01\/Ver-1-2.webp?w=1080&amp;ssl=1 1080w, https:\/\/i0.wp.com\/freestylelab.be\/wp-content\/uploads\/2026\/01\/Ver-1-2.webp?resize=10%2C12&amp;ssl=1 10w\" sizes=\"auto, (max-width: 1000px) 100vw, 1000px\">\t\t\t\t\t\t\t\t\t\t\t\t\t\t\t<\/div>\n\t\t\t\t<\/div>\n\t\t\t\t<div class=\"elementor-element elementor-element-8cf649d elementor-widget elementor-widget-aux_modern_heading\" data-id=\"8cf649d\" data-element_type=\"widget\" data-widget_type=\"aux_modern_heading.default\">\n\t\t\t\t<div class=\"elementor-widget-container\">\n\t\t\t\t\t<section class=\"aux-widget-modern-heading\">\n            <div class=\"aux-widget-inner\"><h2 class=\"aux-modern-heading-primary\">Tous les mercredis<\/h2><h3 class=\"aux-modern-heading-secondary\"><span class=\"aux-head-before\">Hip hop class<\/span><\/h3><div class=\"aux-modern-heading-description\"><p><span style=\"font-weight: 400\">Du 17 september 2025 au 24 juin 2026.<\/span><\/p><p><strong>Pas de cours les 22 et 29 octobre, 23 et 30 d\u00e9cembre 2025. \n14 janvier, 18 et 25 f\u00e9vrier, 4 et 11 mars, 8 et 29 avril 2026. <br>January 14, February 18 and 25, March 04 and 11, April 08 and 29, 2026.\u00a0<\/strong><\/p><p><span class=\"TextRun SCXW262225115 BCX0\" lang=\"EN-GB\" xml:lang=\"EN-GB\" data-contrast=\"auto\"><span class=\"NormalTextRun SCXW262225115 BCX0\"><strong>Horaire:<\/strong> du <\/span><\/span><span class=\"TextRun SCXW262225115 BCX0\" data-contrast=\"auto\"><span class=\"NormalTextRun SCXW262225115 BCX0\">18h <\/span><\/span><span class=\"TextRun SCXW262225115 BCX0\" lang=\"EN-GB\" xml:lang=\"EN-GB\" data-contrast=\"auto\"><span class=\"NormalTextRun SCXW262225115 BCX0\">\u00e0<\/span><\/span><span class=\"TextRun SCXW262225115 BCX0\" data-contrast=\"auto\"><span class=\"NormalTextRun SCXW262225115 BCX0\"> 20h00<\/span><\/span><\/p><p><strong><span class=\"TextRun MacChromeBold SCXW262225115 BCX0\" lang=\"EN-GB\" xml:lang=\"EN-GB\" data-contrast=\"none\"><span class=\"NormalTextRun SCXW262225115 BCX0\" data-ccp-charstyle=\"Strong\"><span class=\"TextRun SCXW262225115 BCX0\" data-contrast=\"auto\">Adresse: <\/span><\/span><\/span><\/strong><span class=\"TextRun MacChromeBold SCXW262225115 BCX0\" lang=\"EN-GB\" xml:lang=\"EN-GB\" data-contrast=\"none\"><span class=\"NormalTextRun SCXW262225115 BCX0\" data-ccp-charstyle=\"Strong\"><span class=\"TextRun SCXW262225115 BCX0\" data-contrast=\"auto\">Le Cube, Rue de Hollande 49, 1060 Brussels<\/span><\/span><\/span><\/p><p><span style=\"text-decoration: underline\"><strong>Free access,<\/strong><\/span> Acc\u00e8s gratuit, ouvert aux 15-26 ans.<\/p><\/div><\/div>\n        <\/section>\t\t\t\t<\/div>\n\t\t\t\t<\/div>\n\t\t\t\t\t<\/div>\n\t\t<\/div>\n\t\t\t\t<div class=\"aux-parallax-section elementor-column elementor-col-33 elementor-top-column elementor-element elementor-element-d5db124\" data-id=\"d5db124\" data-element_type=\"column\">\n\t\t\t<div class=\"elementor-widget-wrap elementor-element-populated\">\n\t\t\t\t\t\t<div class=\"elementor-element elementor-element-ab35a3e elementor-widget elementor-widget-image\" data-id=\"ab35a3e\" data-element_type=\"widget\" data-widget_type=\"image.default\">\n\t\t\t\t<div class=\"elementor-widget-container\">\n\t\t\t\t\t\t\t\t\t\t\t\t\t\t\t<img loading=\"lazy\" decoding=\"async\" width=\"1080\" height=\"1350\" src=\"https:\/\/i0.wp.com\/freestylelab.be\/wp-content\/uploads\/2026\/01\/TRAINING-SESSIONS-2025-26-2.webp?fit=1080%2C1350&amp;ssl=1\" class=\"attachment-full size-full wp-image-5926\" alt=\"\" srcset=\"https:\/\/i0.wp.com\/freestylelab.be\/wp-content\/uploads\/2026\/01\/TRAINING-SESSIONS-2025-26-2.webp?w=1080&amp;ssl=1 1080w, https:\/\/i0.wp.com\/freestylelab.be\/wp-content\/uploads\/2026\/01\/TRAINING-SESSIONS-2025-26-2.webp?resize=10%2C12&amp;ssl=1 10w\" sizes=\"auto, (max-width: 1000px) 100vw, 1000px\">\t\t\t\t\t\t\t\t\t\t\t\t\t\t\t<\/div>\n\t\t\t\t<\/div>\n\t\t\t\t<div class=\"elementor-element elementor-element-f6d562a elementor-widget elementor-widget-aux_modern_heading\" data-id=\"f6d562a\" data-element_type=\"widget\" data-widget_type=\"aux_modern_heading.default\">\n\t\t\t\t<div class=\"elementor-widget-container\">\n\t\t\t\t\t<section class=\"aux-widget-modern-heading\">\n            <div class=\"aux-widget-inner\"><h2 class=\"aux-modern-heading-primary\">Tous les jeudis<\/h2><h3 class=\"aux-modern-heading-secondary\"><span class=\"aux-head-before\">Training Session ouverte \u00e0 tous<\/span><\/h3><div class=\"aux-modern-heading-description\"><p><span style=\"font-weight: 400\">Du 11 septembre 2025 au 18 juin 2026.<br><\/span><\/p><p><strong>BATTLE SESSIONS les 11 septembre, 2 et 30 octobre, 4 d\u00e9cembre 2025.<br><\/strong><strong>5 f\u00e9vrier, 5 mars, 2 avril, 7 mai et 4 juin 2026<\/strong><\/p><p><span class=\"TextRun SCXW262225115 BCX0\" lang=\"EN-GB\" xml:lang=\"EN-GB\" data-contrast=\"auto\"><span class=\"NormalTextRun SCXW262225115 BCX0\"><strong>Horaire:<\/strong> du <\/span><\/span><span class=\"TextRun SCXW262225115 BCX0\" data-contrast=\"auto\"><span class=\"NormalTextRun SCXW262225115 BCX0\">18h30 <\/span><\/span><span class=\"TextRun SCXW262225115 BCX0\" lang=\"EN-GB\" xml:lang=\"EN-GB\" data-contrast=\"auto\"><span class=\"NormalTextRun SCXW262225115 BCX0\">\u00e0<\/span><\/span><span class=\"TextRun SCXW262225115 BCX0\" data-contrast=\"auto\"><span class=\"NormalTextRun SCXW262225115 BCX0\"> 21h30<\/span><\/span><\/p><p><strong><span class=\"TextRun MacChromeBold SCXW262225115 BCX0\" lang=\"EN-GB\" xml:lang=\"EN-GB\" data-contrast=\"none\"><span class=\"NormalTextRun SCXW262225115 BCX0\" data-ccp-charstyle=\"Strong\"><span class=\"TextRun SCXW262225115 BCX0\" data-contrast=\"auto\">Adresse: <\/span><\/span><\/span><\/strong><span class=\"TextRun MacChromeBold SCXW262225115 BCX0\" lang=\"EN-GB\" xml:lang=\"EN-GB\" data-contrast=\"none\"><span class=\"NormalTextRun SCXW262225115 BCX0\" data-ccp-charstyle=\"Strong\"><span class=\"TextRun SCXW262225115 BCX0\" data-contrast=\"auto\">Maison des Cultures, Rue de Belgrade 120, 1060 Brussels<\/span><\/span><\/span><\/p><p><strong><span class=\"TextRun MacChromeBold SCXW262225115 BCX0\" lang=\"EN-GB\" xml:lang=\"EN-GB\" data-contrast=\"none\"><span class=\"NormalTextRun SCXW262225115 BCX0\" data-ccp-charstyle=\"Strong\"><span style=\"text-decoration: underline\">Acc\u00e8s gratuit<\/span> et ouvert \u00e0 tous: <\/span><\/span><\/strong><span class=\"TextRun MacChromeBold SCXW262225115 BCX0\" lang=\"EN-GB\" xml:lang=\"EN-GB\" data-contrast=\"none\"><span class=\"NormalTextRun SCXW262225115 BCX0\" data-ccp-charstyle=\"Strong\">o<\/span><\/span><span class=\"TextRun SCXW262225115 BCX0\" lang=\"EN-GB\" xml:lang=\"EN-GB\" data-contrast=\"auto\"><span class=\"NormalTextRun SCXW262225115 BCX0\">uvert \u00e0 toute personne voulant s'entra\u00eener, \u00e9changer, faire des cyphers, ...<\/span><\/span><\/p><p>Pas besoin de s&#039;inscrire \u00e0 l&#039;avance, venez simplement vous entra\u00eener avec\nnous.<\/p><\/div><\/div>\n        <\/section>\t\t\t\t<\/div>\n\t\t\t\t<\/div>\n\t\t\t\t\t<\/div>\n\t\t<\/div>\n\t\t\t\t\t<\/div>\n\t\t<\/section>\n\t\t\t\t<section class=\"elementor-section elementor-top-section elementor-element elementor-element-7808acf elementor-section-boxed elementor-section-height-default elementor-section-height-default\" data-id=\"7808acf\" data-element_type=\"section\">\n\t\t\t\t\t\t<div class=\"elementor-container elementor-column-gap-default\">\n\t\t\t\t\t<div class=\"aux-parallax-section elementor-column elementor-col-100 elementor-top-column elementor-element elementor-element-7758727\" data-id=\"7758727\" data-element_type=\"column\">\n\t\t\t<div class=\"elementor-widget-wrap\">\n\t\t\t\t\t\t\t<\/div>\n\t\t<\/div>\n\t\t\t\t\t<\/div>\n\t\t<\/section>\n\t\t\t\t<\/div>\n\t\t<\/body>","protected":false},"excerpt":{"rendered":"<p>Training programme Looking for regular activities in Brussels? Find us there every week!Information and registration by email to events@freestylelab.be Every Tuesday 100% female hip hop freestyle class with Anissa Classes from October 07, 2025 to May 26, 2026. Classes to be confirmed on those dates: October 21 and 28, November 11, December 23 and 30 [&hellip;]<\/p>\n","protected":false},"author":1,"featured_media":0,"parent":0,"menu_order":0,"comment_status":"closed","ping_status":"closed","template":"elementor_header_footer","meta":{"nf_dc_page":"","_monsterinsights_skip_tracking":false,"_monsterinsights_sitenote_active":false,"_monsterinsights_sitenote_note":"","_monsterinsights_sitenote_category":0,"footnotes":""},"class_list":["post-1693","page","type-page","status-publish","hentry"],"jetpack_sharing_enabled":true,"_links":{"self":[{"href":"https:\/\/freestylelab.be\/fr\/wp-json\/wp\/v2\/pages\/1693","targetHints":{"allow":["GET"]}}],"collection":[{"href":"https:\/\/freestylelab.be\/fr\/wp-json\/wp\/v2\/pages"}],"about":[{"href":"https:\/\/freestylelab.be\/fr\/wp-json\/wp\/v2\/types\/page"}],"author":[{"embeddable":true,"href":"https:\/\/freestylelab.be\/fr\/wp-json\/wp\/v2\/users\/1"}],"replies":[{"embeddable":true,"href":"https:\/\/freestylelab.be\/fr\/wp-json\/wp\/v2\/comments?post=1693"}],"version-history":[{"count":35,"href":"https:\/\/freestylelab.be\/fr\/wp-json\/wp\/v2\/pages\/1693\/revisions"}],"predecessor-version":[{"id":6204,"href":"https:\/\/freestylelab.be\/fr\/wp-json\/wp\/v2\/pages\/1693\/revisions\/6204"}],"wp:attachment":[{"href":"https:\/\/freestylelab.be\/fr\/wp-json\/wp\/v2\/media?parent=1693"}],"curies":[{"name":"wp","href":"https:\/\/api.w.org\/{rel}","templated":true}]}}